{"id":18507,"date":"2024-06-11T14:17:37","date_gmt":"2024-06-11T07:17:37","guid":{"rendered":"https:\/\/rorzerobotech.com\/?page_id=18507"},"modified":"2024-06-11T14:23:19","modified_gmt":"2024-06-11T07:23:19","slug":"characteristic","status":"publish","type":"page","link":"https:\/\/www.rorzerobotech.com\/vi\/recruit\/characteristic\/","title":{"rendered":"\u0110\u1eb6C \u0110I\u1ec2M"},"content":{"rendered":"<div class=\"corporate-style\">\n<div class=\"inner\">\n<h3>Phong c\u00e1ch kinh doanh<\/h3>\n<p class=\"left\">RORZE ROBOTECH nh\u1eafm \u0111\u1ebfn m\u1ee5c ti\u00eau \u0111\u1ea3m b\u1ea3o m\u00f4i tr\u01b0\u1eddng l\u00e0m vi\u1ec7c t\u1ed1t nh\u1ea5t Vi\u1ec7t Nam.<br \/>\nM\u00f4i tr\u01b0\u1eddng l\u00e0m vi\u1ec7c t\u1ed1t nh\u1ea5t m\u00e0 ch\u00fang t\u00f4i ngh\u0129 \u0111\u1ebfn l\u00e0 n\u01a1i nh\u00e2n vi\u00ean th\u1ef1c s\u1ef1 c\u1ea3m th\u1ea5y r\u1eb1ng h\u1ecd \u0111ang s\u1ea3n xu\u1ea5t ra c\u00e1c s\u1ea3n ph\u1ea9m h\u00e0ng \u0111\u1ea7u c\u0169ng nh\u01b0 l\u00e0 m\u1ed9t n\u01a1i c\u00f3 c\u01a1 s\u1edf v\u1eadt ch\u1ea5t v\u00e0 m\u00f4i tr\u01b0\u1eddng l\u00e0m vi\u1ec7c d\u1ec5 ch\u1ecbu.<br \/>\n\u0110\u1ec3 \u0111em l\u1ea1i c\u00e1c c\u00f4ng vi\u1ec7c tho\u1ea3i m\u00e1i h\u01a1n, ch\u00fang t\u00f4i \u0111ang t\u00edch c\u1ef1c t\u1ea1o ra nhi\u1ec1u c\u01a1 h\u1ed9i h\u01a1n \u0111\u1ec3 c\u00f3 th\u1ec3 truy\u1ec1n th\u00eam sinh kh\u00ed, cung c\u1ea5p th\u00f4ng tin v\u00e0 gi\u00e1 tr\u1ecb quan m\u1edbi cho c\u00f4ng vi\u1ec7c.<\/p>\n<\/div>\n<\/div>\n<div class=\"work-environment\">\n<div id=\"work-environment-ttl\" class=\"work-environment-title\">\n<div class=\"inner\">\n<h3>M\u00f4i tr\u01b0\u1eddng l\u00e0m vi\u1ec7c &amp; ph\u00fac l\u1ee3i ch\u00ednh<\/h3>\n<\/div>\n<\/div>\n<div class=\"single-block block-01\">\n<h4 class=\"title\"><span class=\"\"><img decoding=\"async\" src=\"https:\/\/www.rorzerobotech.com\/wp-content\/themes\/rorze\/images\/red-number-1.png\" alt=\"1\" width=\"74\" \/>Thi\u1ebft b\u1ecb v\u00e0 m\u00f4i tr\u01b0\u1eddng s\u1ea1ch s\u1ebd<\/span><\/h4>\n<div class=\"content\">\n<ul class=\"flex-wrap\">\n<li class=\"slide-animated\"><img decoding=\"async\" src=\"https:\/\/www.rorzerobotech.com\/wp-content\/themes\/rorze\/images\/work-environment-img-01.jpg\" alt=\"Thi\u1ebft b\u1ecb v\u00e0 m\u00f4i tr\u01b0\u1eddng s\u1ea1ch s\u1ebd\" width=\"495\" \/><\/li>\n<li class=\"slide-animated\"><img decoding=\"async\" src=\"https:\/\/www.rorzerobotech.com\/wp-content\/themes\/rorze\/images\/work-environment-img-02.jpg\" alt=\"Thi\u1ebft b\u1ecb v\u00e0 m\u00f4i tr\u01b0\u1eddng s\u1ea1ch s\u1ebd\" width=\"495\" \/><\/li>\n<li class=\"slide-animated\"><img decoding=\"async\" src=\"https:\/\/www.rorzerobotech.com\/wp-content\/themes\/rorze\/images\/work-environment-img-03.jpg\" alt=\"Thi\u1ebft b\u1ecb v\u00e0 m\u00f4i tr\u01b0\u1eddng s\u1ea1ch s\u1ebd\" width=\"495\" \/><\/li>\n<li class=\"slide-animated\"><img decoding=\"async\" src=\"https:\/\/www.rorzerobotech.com\/wp-content\/themes\/rorze\/images\/work-environment-img-04.jpg\" alt=\"Thi\u1ebft b\u1ecb v\u00e0 m\u00f4i tr\u01b0\u1eddng s\u1ea1ch s\u1ebd\" width=\"495\" \/><\/li>\n<li class=\"slide-animated\"><img decoding=\"async\" src=\"https:\/\/www.rorzerobotech.com\/wp-content\/themes\/rorze\/images\/work-environment-img-23.jpg\" alt=\"Thi\u1ebft b\u1ecb v\u00e0 m\u00f4i tr\u01b0\u1eddng s\u1ea1ch s\u1ebd\" width=\"495\" \/><\/li>\n<li class=\"slide-animated\"><img decoding=\"async\" src=\"https:\/\/www.rorzerobotech.com\/wp-content\/themes\/rorze\/images\/work-environment-img-24.jpg\" alt=\"Thi\u1ebft b\u1ecb v\u00e0 m\u00f4i tr\u01b0\u1eddng s\u1ea1ch s\u1ebd\" width=\"495\" \/><\/li>\n<li class=\"slide-animated\"><img decoding=\"async\" src=\"https:\/\/www.rorzerobotech.com\/wp-content\/themes\/rorze\/images\/work-environment-img-25.jpg\" alt=\"Thi\u1ebft b\u1ecb v\u00e0 m\u00f4i tr\u01b0\u1eddng s\u1ea1ch s\u1ebd\" width=\"495\" \/><\/li>\n<li class=\"slide-animated\"><img decoding=\"async\" src=\"https:\/\/www.rorzerobotech.com\/wp-content\/themes\/rorze\/images\/work-environment-img-26.jpg\" alt=\"Thi\u1ebft b\u1ecb v\u00e0 m\u00f4i tr\u01b0\u1eddng s\u1ea1ch s\u1ebd\" width=\"495\" \/><\/li>\n<\/ul>\n<\/div>\n<\/div>\n<div class=\"group-items group-01 flex-wrap\">\n<div class=\"single-block block-02\">\n<h4 class=\"title\"><span class=\"\"><img decoding=\"async\" src=\"https:\/\/www.rorzerobotech.com\/wp-content\/themes\/rorze\/images\/red-number-2.png\" alt=\"2\" width=\"114\" \/>5 ng\u00e0y l\u00e0m vi\u1ec7c \/ tu\u1ea7n<\/span><\/h4>\n<div class=\"content\">\n<div class=\"text\">\n<p>Ch\u00fang t\u00f4i l\u00e0m vi\u1ec7c 5 ng\u00e0y m\u1ed9t tu\u1ea7n \u0111\u1ec3 b\u1ea1n c\u00f3 th\u1ec3 th\u01b0 gi\u00e3n trong 2 ng\u00e0y cu\u1ed1i tu\u1ea7n c\u1ee7a m\u00ecnh!<br \/>\nCh\u00fang t\u00f4i cho r\u1eb1ng \u0111i\u1ec1u quan tr\u1ecdng l\u00e0 sau khi d\u00e0nh th\u1eddi gian n\u00f3i tr\u00ean cho gia \u0111\u00ecnh v\u00e0 b\u1ea1n b\u00e8, kho\u1ea3ng th\u1eddi gian l\u00e0m vi\u1ec7c s\u1ebd \u0111\u01b0\u1ee3c ph\u00e1t huy hi\u1ec7u qu\u1ea3 h\u01a1n! Hy v\u1ecdng ch\u00fang ta c\u00f3 th\u1ec3 ph\u00e2n b\u1ed1 h\u1ee3p l\u00fd gi\u1eefa kho\u1ea3ng th\u1eddi gian l\u00e0m vi\u1ec7c v\u00e0 th\u1eddi gian ri\u00eang t\u01b0!<\/p>\n<\/div>\n<\/div>\n<\/div>\n<div class=\"single-block block-03\">\n<h4 class=\"title\"><span class=\"\"><img decoding=\"async\" src=\"https:\/\/www.rorzerobotech.com\/wp-content\/themes\/rorze\/images\/red-number-3.png\" alt=\"3\" width=\"111\" \/>B\u00e3i \u0111\u1ed7 xe\/ xe bu\u00fdt \u0111\u01b0a \u0111\u00f3n<br \/>\n<\/span><\/h4>\n<div class=\"content\">\n<ul class=\"flex-wrap\">\n<li class=\"slide-animated\"><img decoding=\"async\" src=\"https:\/\/www.rorzerobotech.com\/wp-content\/themes\/rorze\/images\/work-environment-img-05.jpg\" alt=\"B\u00e3i \u0111\u1ed7 xe \u0111\u1ea1p\/xe bu\u00fdt \u0111\u01b0a \u0111\u00f3n\" width=\"100%\" \/><\/li>\n<li class=\"slide-animated\"><img decoding=\"async\" src=\"https:\/\/www.rorzerobotech.com\/wp-content\/themes\/rorze\/images\/work-environment-img-06.jpg\" alt=\"B\u00e3i \u0111\u1ed7 xe \u0111\u1ea1p\/xe bu\u00fdt \u0111\u01b0a \u0111\u00f3n\" width=\"100%\" \/><\/li>\n<li class=\"slide-animated\"><img decoding=\"async\" src=\"https:\/\/www.rorzerobotech.com\/wp-content\/themes\/rorze\/images\/work-environment-img-19.jpg\" alt=\"B\u00e3i \u0111\u1ed7 xe \u0111\u1ea1p\/xe bu\u00fdt \u0111\u01b0a \u0111\u00f3n\" width=\"100%\" \/><\/li>\n<\/ul>\n<\/div>\n<\/div>\n<\/div>\n<div class=\"group-items group-02 flex-wrap\">\n<div class=\"single-block block-04\">\n<h4 class=\"title\"><span class=\"\"><img decoding=\"async\" src=\"https:\/\/www.rorzerobotech.com\/wp-content\/themes\/rorze\/images\/red-number-4.png\" alt=\"4\" width=\"114\" \/>Nh\u00e0 \u0103n t\u1ef1 ph\u1ee5c v\u1ee5<br \/>\n<\/span><\/h4>\n<div class=\"content\">\n<ul class=\"flex-wrap\">\n<li class=\"slide-animated\"><img decoding=\"async\" src=\"https:\/\/www.rorzerobotech.com\/wp-content\/themes\/rorze\/images\/work-environment-img-20.jpg\" alt=\"Qu\u00e1n \u0103n t\u1ef1 ph\u1ee5c v\u1ee5\" width=\"100%\" \/><\/li>\n<li class=\"slide-animated\"><img decoding=\"async\" src=\"https:\/\/www.rorzerobotech.com\/wp-content\/themes\/rorze\/images\/work-environment-img-21.jpg\" alt=\"Qu\u00e1n \u0103n t\u1ef1 ph\u1ee5c v\u1ee5\" width=\"100%\" \/><\/li>\n<li class=\"slide-animated\"><img decoding=\"async\" src=\"https:\/\/www.rorzerobotech.com\/wp-content\/themes\/rorze\/images\/work-environment-img-22.jpg\" alt=\"Qu\u00e1n \u0103n t\u1ef1 ph\u1ee5c v\u1ee5\" width=\"100%\" \/><\/li>\n<\/ul>\n<\/div>\n<\/div>\n<div class=\"single-block block-05\">\n<h4 class=\"title\"><span class=\"\"><img decoding=\"async\" src=\"https:\/\/www.rorzerobotech.com\/wp-content\/themes\/rorze\/images\/red-number-5.png\" alt=\"5\" width=\"111\" \/>\u0110\u00e0o t\u1ea1o ngo\u1ea1i ng\u1eef (ti\u1ebfng Nh\u1eadt\/ti\u1ebfng Anh)<\/span><\/h4>\n<div class=\"content\">\n<ul class=\"flex-wrap\">\n<li class=\"slide-animated\"><img decoding=\"async\" src=\"https:\/\/www.rorzerobotech.com\/wp-content\/themes\/rorze\/images\/work-environment-img-09.jpg\" alt=\"\u0110\u00e0o t\u1ea1o ngo\u1ea1i ng\u1eef (ti\u1ebfng Nh\u1eadt\/ti\u1ebfng Anh)\" width=\"100%\" \/><\/li>\n<li class=\"slide-animated\"><img decoding=\"async\" src=\"https:\/\/www.rorzerobotech.com\/wp-content\/themes\/rorze\/images\/work-environment-img-10.jpg\" alt=\"\u0110\u00e0o t\u1ea1o ngo\u1ea1i ng\u1eef (ti\u1ebfng Nh\u1eadt\/ti\u1ebfng Anh)\" width=\"100%\" \/><\/li>\n<\/ul>\n<\/div>\n<\/div>\n<\/div>\n<div class=\"group-items group-03 flex-wrap\">\n<div class=\"single-block block-06\">\n<h4 class=\"title\"><span class=\"\"><img decoding=\"async\" src=\"https:\/\/www.rorzerobotech.com\/wp-content\/themes\/rorze\/images\/red-number-6.png\" alt=\"6\" width=\"105\" \/>\u0110\u00e0o t\u1ea1o \u1edf n\u01b0\u1edbc ngo\u00e0i<\/span><\/h4>\n<div class=\"content\">\n<ul class=\"flex-wrap\">\n<li class=\"slide-animated\"><img decoding=\"async\" src=\"https:\/\/www.rorzerobotech.com\/wp-content\/themes\/rorze\/images\/work-environment-img-11.jpg\" alt=\"\u0110\u00e0o t\u1ea1o \u1edf n\u01b0\u1edbc ngo\u00e0i\" width=\"100%\" \/><\/li>\n<li class=\"slide-animated\"><img decoding=\"async\" src=\"https:\/\/www.rorzerobotech.com\/wp-content\/themes\/rorze\/images\/work-environment-img-12.jpg\" alt=\"\u0110\u00e0o t\u1ea1o \u1edf n\u01b0\u1edbc ngo\u00e0i\" width=\"100%\" \/><\/li>\n<\/ul>\n<\/div>\n<\/div>\n<div class=\"single-block block-07\">\n<h4 class=\"title\"><span class=\"\"><img decoding=\"async\" src=\"https:\/\/www.rorzerobotech.com\/wp-content\/themes\/rorze\/images\/red-number-7.png\" alt=\"7\" width=\"106\" \/>Du l\u1ecbch c\u00f4ng ty<\/span><\/h4>\n<div class=\"content\">\n<ul class=\"flex-wrap\">\n<li class=\"slide-animated\"><img decoding=\"async\" src=\"https:\/\/www.rorzerobotech.com\/wp-content\/themes\/rorze\/images\/work-environment-img-13.jpg\" alt=\"Du l\u1ecbch c\u00f4ng ty\" width=\"100%\" \/><\/li>\n<li class=\"slide-animated\"><img decoding=\"async\" src=\"https:\/\/www.rorzerobotech.com\/wp-content\/themes\/rorze\/images\/work-environment-img-14.jpg\" alt=\"Du l\u1ecbch c\u00f4ng ty\" width=\"100%\" \/><\/li>\n<\/ul>\n<\/div>\n<\/div>\n<\/div>\n<div class=\"group-items group-04 flex-wrap\">\n<div class=\"single-block block-08\">\n<h4 class=\"title\"><span class=\"\"><img decoding=\"async\" src=\"https:\/\/www.rorzerobotech.com\/wp-content\/themes\/rorze\/images\/red-number-8.png\" alt=\"8\" width=\"111\" \/>C\u00e1c b\u1eefa ti\u1ec7c c\u1ee7a c\u00f4ng ty<\/span><\/h4>\n<div class=\"content\">\n<ul class=\"flex-wrap\">\n<li class=\"slide-animated\"><img decoding=\"async\" src=\"https:\/\/www.rorzerobotech.com\/wp-content\/themes\/rorze\/images\/work-environment-img-15.jpg\" alt=\"C\u00e1c b\u1eefa ti\u1ec7c c\u1ee7a c\u00f4ng ty\" width=\"100%\" \/><\/li>\n<li class=\"slide-animated\"><img decoding=\"async\" src=\"https:\/\/www.rorzerobotech.com\/wp-content\/themes\/rorze\/images\/work-environment-img-16.jpg\" alt=\"C\u00e1c b\u1eefa ti\u1ec7c c\u1ee7a c\u00f4ng ty\" width=\"100%\" \/><\/li>\n<\/ul>\n<\/div>\n<\/div>\n<div class=\"single-block block-09\">\n<h4 class=\"title\"><span class=\"\"><img decoding=\"async\" src=\"https:\/\/www.rorzerobotech.com\/wp-content\/themes\/rorze\/images\/red-number-9.png\" alt=\"9\" width=\"106\" \/>Ho\u1ea1t \u0111\u1ed9ng c\u00e2u l\u1ea1c b\u1ed9<\/span><\/h4>\n<p class=\"block-text\">Ngo\u00e0i ra c\u00f2n c\u00f3 c\u00e1c c\u00e2u l\u1ea1c b\u1ed9 nh\u01b0 l\u00e0 c\u00e2u l\u1ea1c b\u1ed9 b\u00f3ng \u0111\u00e1 \u0111\u01b0\u1ee3c t\u1ed5 ch\u1ee9c v\u00e0o nh\u1eefng ng\u00e0y ngh\u1ec9 nh\u1eb1m t\u0103ng s\u1ef1 g\u1eafn k\u1ebft gi\u1eefa c\u00e1c nh\u00e2n vi\u00ean trong c\u00f4ng ty.<\/p>\n<div class=\"content\">\n<ul class=\"flex-wrap\">\n<li class=\"slide-animated\"><img decoding=\"async\" src=\"https:\/\/www.rorzerobotech.com\/wp-content\/themes\/rorze\/images\/work-environment-img-17.jpg\" alt=\"Ho\u1ea1t \u0111\u1ed9ng c\u00e2u l\u1ea1c b\u1ed9\" width=\"100%\" \/><\/li>\n<li class=\"slide-animated\"><img decoding=\"async\" src=\"https:\/\/www.rorzerobotech.com\/wp-content\/themes\/rorze\/images\/work-environment-img-18.jpg\" alt=\"Ho\u1ea1t \u0111\u1ed9ng c\u00e2u l\u1ea1c b\u1ed9\" width=\"100%\" \/><\/li>\n<\/ul>\n<ul class=\"flex-wrap\">\n<li class=\"slide-animated\"><img decoding=\"async\" src=\"https:\/\/www.rorzerobotech.com\/wp-content\/themes\/rorze\/images\/work-environment-img-27.jpg\" alt=\"Ho\u1ea1t \u0111\u1ed9ng c\u00e2u l\u1ea1c b\u1ed9\" width=\"100%\" \/><\/li>\n<li class=\"slide-animated\"><img decoding=\"async\" src=\"https:\/\/www.rorzerobotech.com\/wp-content\/themes\/rorze\/images\/work-environment-img-28.jpg\" alt=\"Ho\u1ea1t \u0111\u1ed9ng c\u00e2u l\u1ea1c b\u1ed9\" width=\"100%\" \/><\/li>\n<\/ul>\n<\/div>\n<\/div>\n<\/div>\n<p><!-- end .group-04 --><\/p>\n<div class=\"group-items group-05 flex-wrap\">\n<div class=\"single-block block-10\">\n<h4 class=\"title\"><span class=\"\"><img decoding=\"async\" src=\"https:\/\/www.rorzerobotech.com\/wp-content\/themes\/rorze\/images\/red-number-10.png\" alt=\"10\" width=\"152\" \/>Ti\u1ec1n th\u01b0\u1edfng<\/span><\/h4>\n<div class=\"content\">\n<div class=\"text\">\n<p>V\u1ec1 ti\u1ec1n th\u01b0\u1edfng tr\u1ea3 cho nh\u00e2n vi\u00ean, ch\u00fang t\u00f4i t\u1ef1 thi\u1ebft l\u1eadp m\u1ed9t t\u1ef7 l\u1ec7 ph\u1ea7n tr\u0103m d\u1ef1a tr\u00ean hi\u1ec7u su\u1ea5t \u0111\u1ec3 c\u1ed1 g\u1eafng ho\u00e0n l\u1ea1i \u1edf m\u1ee9c cao cho nh\u00e2n vi\u00ean.<\/p>\n<\/div>\n<\/div>\n<\/div>\n<div class=\"single-block block-11\">\n<h4 class=\"title\"><span class=\"\"><img decoding=\"async\" src=\"https:\/\/www.rorzerobotech.com\/wp-content\/themes\/rorze\/images\/red-number-11.png\" alt=\"11\" width=\"129\" \/>Ph\u1ea7n th\u01b0\u1edfng th\u00e2m ni\u00ean<\/span><\/h4>\n<div class=\"content\">\n<div class=\"text\">\n<p>Ch\u00fang t\u00f4i c\u00f3 nhi\u1ec1u nh\u00e2n vi\u00ean \u0111\u00e3 l\u00e0m vi\u1ec7c tr\u00ean 5 n\u0103m! V\u00e0 ch\u00fang t\u00f4i s\u1ebd trao cho h\u1ecd ph\u1ea7n th\u01b0\u1edfng n\u00e0y, \u0111\u1ec3 h\u1ecd g\u1eafn b\u00f3 l\u00e2u h\u01a1n v\u00e0 l\u00e2u h\u01a1n v\u1edbi c\u00f4ng ty.<\/p>\n<\/div>\n<\/div>\n<\/div>\n<\/div>\n<p><!-- end .group-05 --><\/p>\n<div class=\"group-items group-06 flex-wrap\">\n<div class=\"single-block block-12\">\n<h4 class=\"title\"><span class=\"\"><img decoding=\"async\" src=\"https:\/\/www.rorzerobotech.com\/wp-content\/themes\/rorze\/images\/red-number-12.png\" alt=\"12\" width=\"152\" \/>\u0110\u1ec1 xu\u1ea5t c\u1ea3i ti\u1ebfn<\/span><\/h4>\n<div class=\"content\">\n<div class=\"text\">\n<p>D\u00f9 \u1edf b\u1ea5t k\u1ef3 v\u1ecb tr\u00ed n\u00e0o, t\u1ea5t c\u1ea3 nh\u00e2n vi\u00ean \u0111\u1ec1u c\u00f3 th\u1ec3 \u0111\u1ec1 xu\u1ea5t \u00fd t\u01b0\u1edfng s\u00e1ng t\u1ea1o \u0111\u1ec3 c\u1ea3i thi\u1ec7n quy tr\u00ecnh nghi\u1ec7p v\u1ee5 v\u00e0 n\u1ebfu \u0111\u01b0\u1ee3c ph\u00ea duy\u1ec7t, nh\u00e2n vi\u00ean \u0111\u00f3 s\u1ebd \u0111\u01b0\u1ee3c m\u1ed9t kho\u1ea3n ti\u1ec1n th\u01b0\u1edfng. C\u00f3 kho\u1ea3ng 40 \u0111\u1ec1 xu\u1ea5t h\u00e0ng th\u00e1ng, kho\u1ea3ng m\u1ed9t n\u1eeda \u0111\u1ec1 xu\u1ea5t \u0111\u01b0\u1ee3c ph\u00ea duy\u1ec7t v\u00e0 ch\u00fang t\u00f4i nhanh ch\u00f3ng th\u1ef1c hi\u1ec7n nh\u1eefng \u00fd t\u01b0\u1edfng \u0111\u00f3.<\/p>\n<\/div>\n<\/div>\n<\/div>\n<div class=\"single-block block-13\">\n<h4 class=\"title\"><span class=\"\"><img decoding=\"async\" src=\"https:\/\/www.rorzerobotech.com\/wp-content\/themes\/rorze\/images\/red-number-13.png\" alt=\"13\" width=\"149\" \/>Bu\u1ed5i ph\u00e1t bi\u1ec3u v\u1ec1 ki\u1ec3m tra ch\u1ea5t l\u01b0\u1ee3ng<\/span><\/h4>\n<div class=\"content\">\n<div class=\"text\">\n<p>Ch\u00fang t\u00f4i t\u1ed5 ch\u1ee9c \u0111\u1ecbnh k\u1ef3 c\u00e1c bu\u1ed5i ph\u00e1t bi\u1ec3u v\u1ec1 Ki\u1ec3m tra ch\u1ea5t l\u01b0\u1ee3ng c\u1ee7a t\u1eebng b\u1ed9 ph\u1eadn v\u00e0 ph\u1ea7n th\u01b0\u1edfng \u0111\u01b0\u1ee3c trao cho nh\u00f3m \u0111\u1ea1t k\u1ebft qu\u1ea3 xu\u1ea5t s\u1eafc.<\/p>\n<\/div>\n<\/div>\n<\/div>\n<\/div>\n<\/div>\n<p><!-- end .work-environment --><\/p>\n<div class=\"entry-banner\">\n<div class=\"inner flex-wrap\">\n<div class=\"add-animate\">\n<div class=\"banner\">\n<h3>Ch\u00fang t\u00f4i \u0111ang ch\u1edd \u0111\u00f3n<br \/>\ns\u1ef1 gia nh\u1eadp c\u1ee7a b\u1ea1n!<\/h3>\n<p class=\"button center\"><a class=\"btn-entry\" href=\"https:\/\/www.rorzerobotech.com\/entry\/\">Gia nh\u1eadp<\/a><\/p>\n<\/div>\n<\/div>\n<\/div>\n<\/div>\n","protected":false},"excerpt":{"rendered":"<p>Phong c\u00e1ch kinh doanh RORZE ROBOTECH nh\u1eafm \u0111\u1ebfn m\u1ee5c ti\u00eau \u0111\u1ea3m b\u1ea3o m\u00f4i tr\u01b0\u1eddng l\u00e0m vi\u1ec7c t\u1ed1t nh\u1ea5t Vi\u1ec7t Nam. M\u00f4i tr\u01b0\u1eddng l\u00e0m vi\u1ec7c t\u1ed1t nh\u1ea5t m\u00e0 ch\u00fang t\u00f4i ngh\u0129 \u0111\u1ebfn l\u00e0 n\u01a1i nh\u00e2n vi\u00ean th\u1ef1c s\u1ef1 c\u1ea3m th\u1ea5y r\u1eb1ng h\u1ecd \u0111ang s\u1ea3n xu\u1ea5t ra c\u00e1c s\u1ea3n ph\u1ea9m h\u00e0ng \u0111\u1ea7u c\u0169ng nh\u01b0 l\u00e0 m\u1ed9t n\u01a1i [&hellip;]<\/p>\n","protected":false},"author":1,"featured_media":0,"parent":18511,"menu_order":0,"comment_status":"closed","ping_status":"closed","template":"","meta":{"_acf_changed":false,"_locale":"vi","_original_post":"https:\/\/rorzerobotech.com\/?page_id=14","footnotes":""},"class_list":["post-18507","page","type-page","status-publish","hentry","vi"],"acf":[],"aioseo_notices":[],"_links":{"self":[{"href":"https:\/\/www.rorzerobotech.com\/wp-json\/wp\/v2\/pages\/18507","targetHints":{"allow":["GET"]}}],"collection":[{"href":"https:\/\/www.rorzerobotech.com\/wp-json\/wp\/v2\/pages"}],"about":[{"href":"https:\/\/www.rorzerobotech.com\/wp-json\/wp\/v2\/types\/page"}],"author":[{"embeddable":true,"href":"https:\/\/www.rorzerobotech.com\/wp-json\/wp\/v2\/users\/1"}],"replies":[{"embeddable":true,"href":"https:\/\/www.rorzerobotech.com\/wp-json\/wp\/v2\/comments?post=18507"}],"version-history":[{"count":2,"href":"https:\/\/www.rorzerobotech.com\/wp-json\/wp\/v2\/pages\/18507\/revisions"}],"predecessor-version":[{"id":18641,"href":"https:\/\/www.rorzerobotech.com\/wp-json\/wp\/v2\/pages\/18507\/revisions\/18641"}],"up":[{"embeddable":true,"href":"https:\/\/www.rorzerobotech.com\/wp-json\/wp\/v2\/pages\/18511"}],"wp:attachment":[{"href":"https:\/\/www.rorzerobotech.com\/wp-json\/wp\/v2\/media?parent=18507"}],"curies":[{"name":"wp","href":"https:\/\/api.w.org\/{rel}","templated":true}]}}