{"id":18514,"date":"2024-06-11T14:48:09","date_gmt":"2024-06-11T07:48:09","guid":{"rendered":"https:\/\/rorzerobotech.com\/?page_id=18514"},"modified":"2025-02-20T15:52:16","modified_gmt":"2025-02-20T08:52:16","slug":"contact","status":"publish","type":"page","link":"https:\/\/www.rorzerobotech.com\/vi\/contact\/","title":{"rendered":"Li\u00ean h\u1ec7"},"content":{"rendered":"<div id=\"content\" class=\"main-content\">\n<div class=\"inner\">\n<ul class=\"contact-step\">\n<li class=\"active\">1. \u0110i\u1ec1n th\u00f4ng tin<\/li>\n<li>2. X\u00e1c nh\u1eadn<\/li>\n<li>3. G\u1eedi<\/li>\n<\/ul>\n<\/div>\n<div class=\"form-container\">\n<div class=\"inner\">\n<p class=\"note center\">N\u1ebfu b\u1ea1n c\u00f3 b\u1ea5t k\u1ef3 th\u1eafc m\u1eafc ho\u1eb7c y\u00eau c\u1ea7u n\u00e0o, xin vui l\u00f2ng \u0111i\u1ec1n v\u00e0o n\u1ed9i dung b\u00ean d\u01b0\u1edbi.<\/p>\n<div class=\"wrap-form input-page\">\n<div class=\"wpcf7 no-js\" id=\"wpcf7-f18661-o1\" lang=\"en-US\" dir=\"ltr\" data-wpcf7-id=\"18661\">\n<div class=\"screen-reader-response\"><p role=\"status\" aria-live=\"polite\" aria-atomic=\"true\"><\/p> <ul><\/ul><\/div>\n<form action=\"\/vi\/wp-json\/wp\/v2\/pages\/18514#wpcf7-f18661-o1\" method=\"post\" class=\"wpcf7-form init\" aria-label=\"Contact form\" novalidate=\"novalidate\" data-status=\"init\">\n<fieldset class=\"hidden-fields-container\"><input type=\"hidden\" name=\"_wpcf7\" value=\"18661\" \/><input type=\"hidden\" name=\"_wpcf7_version\" value=\"6.1.5\" \/><input type=\"hidden\" name=\"_wpcf7_locale\" value=\"en_US\" \/><input type=\"hidden\" name=\"_wpcf7_unit_tag\" value=\"wpcf7-f18661-o1\" \/><input type=\"hidden\" name=\"_wpcf7_container_post\" value=\"0\" \/><input type=\"hidden\" name=\"_wpcf7_posted_data_hash\" value=\"\" \/>\n<\/fieldset>\n<dl class=\"input-row\">\n\t<dt class=\"required\">\n\t\t<p>T\u00ean\n\t\t<\/p>\n\t<\/dt>\n\t<dd>\n\t\t<p><span class=\"wpcf7-form-control-wrap\" data-name=\"user3_Name\"><input size=\"40\" maxlength=\"400\" class=\"wpcf7-form-control wpcf7-text wpcf7-validates-as-required\" aria-required=\"true\" aria-invalid=\"false\" value=\"\" type=\"text\" name=\"user3_Name\" \/><\/span>\n\t\t<\/p>\n\t<\/dd>\n<\/dl>\n<dl class=\"input-row\">\n\t<dt class=\"required\">\n\t\t<p>C\u00f4ng ty\n\t\t<\/p>\n\t<\/dt>\n\t<dd>\n\t\t<p><span class=\"wpcf7-form-control-wrap\" data-name=\"user3_Company\"><input size=\"40\" maxlength=\"400\" class=\"wpcf7-form-control wpcf7-text wpcf7-validates-as-required\" aria-required=\"true\" aria-invalid=\"false\" value=\"\" type=\"text\" name=\"user3_Company\" \/><\/span>\n\t\t<\/p>\n\t<\/dd>\n<\/dl>\n<dl class=\"input-row\">\n\t<dt class=\"required\">\n\t\t<p>\u0110i\u1ec7n tho\u1ea1i\n\t\t<\/p>\n\t<\/dt>\n\t<dd>\n\t\t<p><span class=\"wpcf7-form-control-wrap\" data-name=\"user3_Tel\"><input size=\"40\" maxlength=\"400\" class=\"wpcf7-form-control wpcf7-tel wpcf7-validates-as-required wpcf7-text wpcf7-validates-as-tel\" aria-required=\"true\" aria-invalid=\"false\" value=\"\" type=\"tel\" name=\"user3_Tel\" \/><\/span>\n\t\t<\/p>\n\t<\/dd>\n<\/dl>\n<dl class=\"input-row\">\n\t<dt class=\"required\">\n\t\t<p>E-mail\n\t\t<\/p>\n\t<\/dt>\n\t<dd>\n\t\t<p><span class=\"wpcf7-form-control-wrap\" data-name=\"user3_Email\"><input size=\"40\" maxlength=\"400\" class=\"wpcf7-form-control wpcf7-email wpcf7-validates-as-required wpcf7-text wpcf7-validates-as-email\" aria-required=\"true\" aria-invalid=\"false\" value=\"\" type=\"email\" name=\"user3_Email\" \/><\/span>\n\t\t<\/p>\n\t<\/dd>\n<\/dl>\n<dl class=\"input-row\">\n\t<dt class=\"required\">\n\t\t<p>Ch\u1ee7 \u0111\u1ec1\n\t\t<\/p>\n\t<\/dt>\n\t<dd class=\"group\">\n\t\t<p><span class=\"wpcf7-form-control-wrap\" data-name=\"user3_Subject\"><span class=\"wpcf7-form-control wpcf7-checkbox\"><span class=\"wpcf7-list-item first\"><label><input type=\"checkbox\" name=\"user3_Subject[]\" value=\"\u0110\u1eb7t h\u00e0ng m\u1edbi\" \/><span class=\"wpcf7-list-item-label\">\u0110\u1eb7t h\u00e0ng m\u1edbi<\/span><\/label><\/span><span class=\"wpcf7-list-item\"><label><input type=\"checkbox\" name=\"user3_Subject[]\" value=\"K\u00ec v\u1ecdng v\u1edbi NCC\" \/><span class=\"wpcf7-list-item-label\">K\u00ec v\u1ecdng v\u1edbi NCC<\/span><\/label><\/span><span class=\"wpcf7-list-item last\"><label><input type=\"checkbox\" name=\"user3_Subject[]\" value=\"N\u1ed9i dung kh\u00e1c\" \/><span class=\"wpcf7-list-item-label\">N\u1ed9i dung kh\u00e1c<\/span><\/label><\/span><\/span><\/span>\n\t\t<\/p>\n\t<\/dd>\n<\/dl>\n<dl class=\"input-row\">\n\t<dt class=\"required\">\n\t\t<p>Th\u00f4ng \u0111i\u1ec7p\n\t\t<\/p>\n\t<\/dt>\n\t<dd>\n\t\t<p><span class=\"wpcf7-form-control-wrap\" data-name=\"user3_Message\"><textarea cols=\"50\" rows=\"5\" maxlength=\"2000\" class=\"wpcf7-form-control wpcf7-textarea wpcf7-validates-as-required\" aria-required=\"true\" aria-invalid=\"false\" name=\"user3_Message\"><\/textarea><\/span>\n\t\t<\/p>\n\t<\/dd>\n<\/dl>\n<p class=\"privacy_txt\"><span class=\"wpcf7-form-control-wrap\" data-name=\"checkbox-278\"><span class=\"wpcf7-form-control wpcf7-checkbox wpcf7-validates-as-required checkboxlink\"><span class=\"wpcf7-list-item first last\"><label><input type=\"checkbox\" name=\"checkbox-278[]\" value=\"T\u00f4i \u0111\u00e3 \u0111\u1ecdc v\u00e0 ch\u1ea5p nh\u1eadn\" \/><span class=\"wpcf7-list-item-label\">T\u00f4i \u0111\u00e3 \u0111\u1ecdc v\u00e0 ch\u1ea5p nh\u1eadn<\/span><\/label><\/span><\/span><\/span><span>&nbsp;&nbsp;<a href=\"#privacy\">ch\u00ednh s\u00e1ch b\u1ea3o m\u1eadt<\/a><\/span>\n<\/p>\n<p class=\"privacy_txt\"><span class=\"wpcf7-form-control-wrap\" data-name=\"checkbox-279\"><span class=\"wpcf7-form-control wpcf7-checkbox wpcf7-validates-as-required checkboxlink\"><span class=\"wpcf7-list-item first last\"><label><input type=\"checkbox\" name=\"checkbox-279[]\" value=\"Khi b\u1ea1n nh\u1ea5n n\u00fat g\u1eedi, th\u00f4ng tin s\u1ebd \u0111\u01b0\u1ee3c g\u1eedi \u0111i m\u00e0 kh\u00f4ng chuy\u1ec3n \u0111\u1ebfn m\u00e0n h\u00ecnh x\u00e1c nh\u1eadn.Vui l\u00f2ng ki\u1ec3m tra l\u1ea1i th\u00f4ng tin b\u1ea1n \u0111\u00e3 nh\u1eadp.\" \/><span class=\"wpcf7-list-item-label\">Khi b\u1ea1n nh\u1ea5n n\u00fat g\u1eedi, th\u00f4ng tin s\u1ebd \u0111\u01b0\u1ee3c g\u1eedi \u0111i m\u00e0 kh\u00f4ng chuy\u1ec3n \u0111\u1ebfn m\u00e0n h\u00ecnh x\u00e1c nh\u1eadn.Vui l\u00f2ng ki\u1ec3m tra l\u1ea1i th\u00f4ng tin b\u1ea1n \u0111\u00e3 nh\u1eadp.<\/span><\/label><\/span><\/span><\/span><span><\/span>\n<\/p>\n<dl class=\"submit-row\">\n\t<dd class=\"center\">\n\t\t<p><input class=\"wpcf7-form-control wpcf7-submit has-spinner\" type=\"submit\" value=\"G\u1eedi\" \/>\n\t\t<\/p>\n\t<\/dd>\n<\/dl><p style=\"display: none !important;\" class=\"akismet-fields-container\" data-prefix=\"_wpcf7_ak_\"><label>&#916;<textarea name=\"_wpcf7_ak_hp_textarea\" cols=\"45\" rows=\"8\" maxlength=\"100\"><\/textarea><\/label><input type=\"hidden\" id=\"ak_js_1\" name=\"_wpcf7_ak_js\" value=\"171\"\/><script>document.getElementById( \"ak_js_1\" ).setAttribute( \"value\", ( new Date() ).getTime() );<\/script><\/p><div class=\"wpcf7-response-output\" aria-hidden=\"true\"><\/div>\n<\/form>\n<\/div>\n<\/div>\n<\/div>\n<\/div>\n<div class=\"privacy-container\" id=\"privacy\">\n<div class=\"inner\">\n<h3>Ch\u00ednh s\u00e1ch b\u1ea3o m\u1eadt th\u00f4ng tin c\u00e1 nh\u00e2n<\/h3>\n<p class=\"desc\">RORZE hi\u1ec3u r\u1eb1ng vi\u1ec7c b\u1ea3o v\u1ec7 th\u00f4ng tin c\u00e1 nh\u00e2n l\u00e0 m\u1ed9t tr\u00e1ch nhi\u1ec7m quan tr\u1ecdng. Do \u0111\u00f3, ch\u00fang t\u00f4i lu\u00f4n n\u1ed7 l\u1ef1c qu\u1ea3n l\u00fd v\u00e0 b\u1ea3o v\u1ec7 c\u00e1c th\u00f4ng tin c\u00e1 nh\u00e2n m\u1ed9t c\u00e1ch ph\u00f9 h\u1ee3p d\u1ef1a tr\u00ean c\u00e1c ch\u00ednh s\u00e1ch sau:<\/p>\n<ul class=\"list-style-number\">\n<li>Tu\u00e2n th\u1ee7 lu\u1eadt ph\u00e1p v\u00e0 c\u00e1c quy \u0111\u1ecbnh<br \/>\nCh\u00fang t\u00f4i tu\u00e2n th\u1ee7 lu\u1eadt ph\u00e1p li\u00ean quan \u0111\u1ebfn vi\u1ec7c b\u1ea3o v\u1ec7 th\u00f4ng tin c\u00e1 nh\u00e2n.<\/li>\n<li>M\u1ee5c \u0111\u00edch s\u1eed d\u1ee5ng th\u00f4ng tin c\u00e1 nh\u00e2n<br \/>\nKhi thu th\u1eadp th\u00f4ng tin c\u00e1 nh\u00e2n, ch\u00fang t\u00f4i gi\u1ea3i th\u00edch m\u1ee5c \u0111\u00edch s\u1eed d\u1ee5ng v\u00e0 s\u1eed d\u1ee5ng th\u00f4ng tin \u0111\u00f3 tr\u00ean c\u01a1 s\u1edf ph\u1ea3i \u0111\u01b0\u1ee3c s\u1ef1 \u0111\u1ed3ng \u00fd c\u1ee7a ch\u1ee7 th\u00f4ng tin.<\/li>\n<li>Cung c\u1ea5p cho b\u00ean th\u1ee9 ba<br \/>\nN\u1ebfu ch\u01b0a \u0111\u01b0\u1ee3c \u0111\u1ed3ng \u00fd tr\u01b0\u1edbc, ch\u00fang t\u00f4i s\u1ebd kh\u00f4ng cung c\u1ea5p th\u00f4ng tin c\u00e1 nh\u00e2n cho b\u00ean th\u1ee9 ba tr\u1eeb khi c\u00f3 l\u00fd do ch\u00ednh \u0111\u00e1ng.<\/li>\n<li>Ti\u1ebft l\u1ed9, ch\u1ec9nh s\u1eeda, x\u00f3a<br \/>\nV\u1ec1 vi\u1ec7c ti\u1ebft l\u1ed9, ch\u1ec9nh s\u1eeda v\u00e0 x\u00f3a th\u00f4ng tin c\u00e1 nh\u00e2n, ch\u00fang t\u00f4i x\u1eed l\u00fd \u0111\u00fang theo th\u1ee7 t\u1ee5c quy \u0111\u1ecbnh.<\/li>\n<li>Qu\u1ea3n l\u00fd an ninh<br \/>\nCh\u00fang t\u00f4i th\u1ef1c hi\u1ec7n c\u00e1c bi\u1ec7n ph\u00e1p an ninh h\u1ee3p l\u00fd v\u00e0 ph\u00f9 h\u1ee3p \u0111\u1ec3 ng\u0103n ch\u1eb7n vi\u1ec7c truy c\u1eadp tr\u00e1i ph\u00e9p ho\u1eb7c ng\u0103n ng\u1eeba m\u1ea5t m\u00e1t, r\u00f2 r\u1ec9, ph\u00e1 ho\u1ea1i, l\u00e0m sai l\u1ec7ch th\u00f4ng tin c\u00e1 nh\u00e2n, v.v. V\u1ea1n b\u1ea5t \u0111\u1eafc d\u0129, trong tr\u01b0\u1eddng h\u1ee3p c\u00f3 x\u1ea3y ra, ch\u00fang t\u00f4i s\u1ebd th\u1ef1c hi\u1ec7n c\u00e1c bi\u1ec7n ph\u00e1p kh\u1eafc ph\u1ee5c k\u1ecbp th\u1eddi.<\/li>\n<li>Kh\u00f4ng ng\u1eebng c\u1ea3i ti\u1ebfn vi\u1ec7c b\u1ea3o v\u1ec7 th\u00f4ng tin c\u00e1 nh\u00e2n<br \/>\n\u0110\u1ec3 b\u1ea3o v\u1ec7 th\u00f4ng tin c\u00e1 nh\u00e2n, ch\u00fang t\u00f4i kh\u00f4ng ng\u1eebng n\u1ed5 l\u1ef1c ph\u00e1t tri\u1ec3n trang b\u1ecb c\u00e1c h\u1ec7 th\u1ed1ng c\u1ea7n thi\u1ebft, \u0111\u00e0o t\u1ea1o nh\u00e2n vi\u00ean v\u00e0 th\u1ef1c hi\u1ec7n t\u00e1i ki\u1ec3m tra \u0111\u1ecbnh k\u1ef3.<\/li>\n<\/ul>\n<p class=\"left\">Li\u00ean h\u1ec7:<br \/>\nM\u1ecdi th\u1eafc m\u1eafc li\u1ebfn quan \u0111\u1ebfn th\u00f4ng tin c\u00e1 nh\u00e2n: b\u1ed9 ph\u1eadn b\u00ean d\u01b0\u1edbi s\u1ebd ph\u1ee5 tr\u00e1ch gi\u1ea3i \u0111\u00e1p.<br \/>\nB\u1ed9 ph\u1eadn Nh\u00e2n s\u1ef1, Ph\u00f2ng H\u00e0nh Ch\u00ednh<br \/>\nC\u00d4NG TY TNHH RORZE ROBOTECH<br \/>\n<a href=\"mailto:robotech@robotech.com.vn\">robotech@robotech.com.vn<\/a><\/p>\n<\/div>\n<\/div>\n<\/div>\n","protected":false},"excerpt":{"rendered":"<p>1. \u0110i\u1ec1n th\u00f4ng tin 2. X\u00e1c nh\u1eadn 3. G\u1eedi N\u1ebfu b\u1ea1n c\u00f3 b\u1ea5t k\u1ef3 th\u1eafc m\u1eafc ho\u1eb7c y\u00eau c\u1ea7u n\u00e0o, xin vui l\u00f2ng \u0111i\u1ec1n v\u00e0o n\u1ed9i dung b\u00ean d\u01b0\u1edbi. Ch\u00ednh s\u00e1ch b\u1ea3o m\u1eadt th\u00f4ng tin c\u00e1 nh\u00e2n RORZE hi\u1ec3u r\u1eb1ng vi\u1ec7c b\u1ea3o v\u1ec7 th\u00f4ng tin c\u00e1 nh\u00e2n l\u00e0 m\u1ed9t tr\u00e1ch nhi\u1ec7m quan tr\u1ecdng. Do \u0111\u00f3, [&hellip;]<\/p>\n","protected":false},"author":1,"featured_media":0,"parent":0,"menu_order":0,"comment_status":"closed","ping_status":"closed","template":"","meta":{"_acf_changed":false,"_locale":"vi","_original_post":"https:\/\/rorzerobotech.com\/?page_id=48","footnotes":""},"class_list":["post-18514","page","type-page","status-publish","hentry","vi"],"acf":[],"aioseo_notices":[],"_links":{"self":[{"href":"https:\/\/www.rorzerobotech.com\/wp-json\/wp\/v2\/pages\/18514","targetHints":{"allow":["GET"]}}],"collection":[{"href":"https:\/\/www.rorzerobotech.com\/wp-json\/wp\/v2\/pages"}],"about":[{"href":"https:\/\/www.rorzerobotech.com\/wp-json\/wp\/v2\/types\/page"}],"author":[{"embeddable":true,"href":"https:\/\/www.rorzerobotech.com\/wp-json\/wp\/v2\/users\/1"}],"replies":[{"embeddable":true,"href":"https:\/\/www.rorzerobotech.com\/wp-json\/wp\/v2\/comments?post=18514"}],"version-history":[{"count":5,"href":"https:\/\/www.rorzerobotech.com\/wp-json\/wp\/v2\/pages\/18514\/revisions"}],"predecessor-version":[{"id":18897,"href":"https:\/\/www.rorzerobotech.com\/wp-json\/wp\/v2\/pages\/18514\/revisions\/18897"}],"wp:attachment":[{"href":"https:\/\/www.rorzerobotech.com\/wp-json\/wp\/v2\/media?parent=18514"}],"curies":[{"name":"wp","href":"https:\/\/api.w.org\/{rel}","templated":true}]}}