{"id":18522,"date":"2024-06-11T15:11:06","date_gmt":"2024-06-11T08:11:06","guid":{"rendered":"https:\/\/rorzerobotech.com\/?page_id=18522"},"modified":"2024-06-11T15:11:38","modified_gmt":"2024-06-11T08:11:38","slug":"system","status":"publish","type":"page","link":"https:\/\/www.rorzerobotech.com\/vi\/system\/","title":{"rendered":"H\u1ec7 th\u1ed1ng"},"content":{"rendered":"<div id=\"content\" class=\"main-content\">\n<div class=\"system-step step-designing\">\n<div class=\"inner\">\n<h3>H\u1ec6 TH\u1ed0NG S\u1ea2N XU\u1ea4T T\u00cdCH H\u1ee2P THEO CHI\u1ec0U D\u1eccC<\/h3>\n<dl class=\"system-step-01\">\n<dt><a href=\"https:\/\/www.rorzerobotech.com\/system\/design\/\" class=\"title\" data-hover-title=\"design\">Thi\u1ebft k\u1ebf<\/a><\/dt>\n<dd><a href=\"https:\/\/www.rorzerobotech.com\/system\/design\/\" data-hover-control=\"design\"><span class=\"\">Thi\u1ebft k\u1ebf<br class=\"\"><img decoding=\"async\" src=\"https:\/\/www.rorzerobotech.com\/wp-content\/themes\/rorze\/images\/icon-arrow-03.png\" alt=\"arrow\"><\/span><\/a><span class=\"img\"><img decoding=\"async\" src=\"https:\/\/www.rorzerobotech.com\/wp-content\/themes\/rorze\/images\/system-design.png\" width=\"460\" alt=\"Thi\u1ebft k\u1ebf\"><\/span><\/dd>\n<\/dl><\/div>\n<\/p><\/div>\n<div class=\"system-step step-machining\">\n<div class=\"inner\">\n<dl class=\"system-step-02\">\n<dt><a class=\"title\" data-hover-title=\"machining\">Gia c\u00f4ng<\/a><\/dt>\n<dd><a href=\"https:\/\/www.rorzerobotech.com\/system\/processing-sheetmetal-bending\/\" data-hover-control=\"machining\"><span class=\"\">Gia c\u00f4ng<br class=\"\">Kim lo\u1ea1i t\u1ea5m<br class=\"\">U\u1ed1n<br class=\"\"><img decoding=\"async\" src=\"https:\/\/www.rorzerobotech.com\/wp-content\/themes\/rorze\/images\/icon-arrow-03.png\" alt=\"arrow\"><\/span><\/a><span class=\"img\"><img decoding=\"async\" src=\"https:\/\/www.rorzerobotech.com\/wp-content\/themes\/rorze\/images\/system-cutting.png\" width=\"460\" alt=\"Gia c\u00f4ng - Kim lo\u1ea1i t\u1ea5m - U\u1ed1n\"><\/span><\/dd>\n<\/dl>\n<dl class=\"system-step-03\">\n<dt><span class=\"arrow\"><img decoding=\"async\" src=\"https:\/\/www.rorzerobotech.com\/wp-content\/themes\/rorze\/images\/icon-arrow-dbl.png\" width=\"34\" alt=\"arrow\"><\/span><\/dt>\n<dd><a href=\"https:\/\/www.rorzerobotech.com\/system\/welding-painting\/\" data-hover-control=\"machining\"><span class=\"\">H\u00e0n<br class=\"\">S\u01a1n<br class=\"\"><img decoding=\"async\" src=\"https:\/\/www.rorzerobotech.com\/wp-content\/themes\/rorze\/images\/icon-arrow-03.png\" alt=\"arrow\"><\/span><\/a><span class=\"img\"><img decoding=\"async\" src=\"https:\/\/www.rorzerobotech.com\/wp-content\/themes\/rorze\/images\/system-welding.png\" width=\"460\" alt=\"H\u00e0n - S\u01a1n\"><\/span><\/dd>\n<\/dl>\n<dl class=\"system-step-04\">\n<dt><span class=\"arrow\"><img decoding=\"async\" src=\"https:\/\/www.rorzerobotech.com\/wp-content\/themes\/rorze\/images\/icon-arrow-dbl.png\" width=\"34\" alt=\"arrow\"><\/span><\/dt>\n<dd><a href=\"https:\/\/www.rorzerobotech.com\/system\/washing-treatment\/\" data-hover-control=\"machining\"><span class=\"\">V\u1ec7 sinh<br class=\"\">Gia c\u00f4ng b\u1ec1 m\u1eb7t<br class=\"\"><img decoding=\"async\" src=\"https:\/\/www.rorzerobotech.com\/wp-content\/themes\/rorze\/images\/icon-arrow-03.png\" alt=\"arrow\"><\/span><\/a><span class=\"img\"><img decoding=\"async\" src=\"https:\/\/www.rorzerobotech.com\/wp-content\/themes\/rorze\/images\/system-washing.png\" width=\"460\" alt=\"V\u1ec7 sinh - Gia c\u00f4ng b\u1ec1 m\u1eb7t\"><\/span><\/dd>\n<\/dl><\/div>\n<\/p><\/div>\n<div class=\"system-step step-assembly\">\n<div class=\"inner\">\n<dl class=\"system-step-05\">\n<dt><a class=\"title\" data-hover-title=\"assembly\">L\u1eafp r\u00e1p<\/a><\/dt>\n<dd><a href=\"https:\/\/www.rorzerobotech.com\/system\/pcb-assembly-wiring\/\" data-hover-control=\"assembly\"><span class=\"\">L\u1eafp gh\u00e9p vi m\u1ea1ch<br class=\"\">\u0111i\u1ec7n t\u1eed v\u00e0 d\u00e2y \u0111i\u1ec7n<br class=\"\"><img decoding=\"async\" src=\"https:\/\/www.rorzerobotech.com\/wp-content\/themes\/rorze\/images\/icon-arrow-03.png\" alt=\"arrow\"><\/span><\/a><span class=\"img\"><img decoding=\"async\" src=\"https:\/\/www.rorzerobotech.com\/wp-content\/themes\/rorze\/images\/system-pcb-assembly.png\" width=\"460\" alt=\"L\u1eafp gh\u00e9p vi m\u1ea1ch \u0111i\u1ec7n t\u1eed v\u00e0 d\u00e2y \u0111i\u1ec7n\"><\/span><\/dd>\n<\/dl>\n<dl class=\"final system-step-06\">\n<dt><span class=\"arrow\"><img decoding=\"async\" src=\"https:\/\/www.rorzerobotech.com\/wp-content\/themes\/rorze\/images\/icon-arrow-dbl.png\" width=\"34\" alt=\"arrow\"><\/span><\/dt>\n<dd><a href=\"https:\/\/www.rorzerobotech.com\/system\/assembly\/\" data-hover-control=\"assembly\"><span class=\"\">L\u1eafp r\u00e1p robot<br class=\"\">T\u00edch h\u1ee3p h\u1ec7 th\u1ed1ng<br class=\"\"><img decoding=\"async\" src=\"https:\/\/www.rorzerobotech.com\/wp-content\/themes\/rorze\/images\/icon-arrow-03.png\" alt=\"arrow\"><\/span><\/a><span class=\"img\"><img decoding=\"async\" src=\"https:\/\/www.rorzerobotech.com\/wp-content\/themes\/rorze\/images\/system-assembly.png\" width=\"460\" alt=\"L\u1eafp r\u00e1p robot - T\u00edch h\u1ee3p h\u1ec7 th\u1ed1ng\"><\/span><\/dd>\n<\/dl><\/div>\n<\/p><\/div>\n<div class=\"system-step step-product\">\n<div class=\"products-container\">\n<div class=\"inner\">\n<h3>S\u1ea3n ph\u1ea9m H\u1ec7 th\u1ed1ng<\/h3>\n<ul class=\"flex-wrap products-thumbnail\">\n<li><a href=\"https:\/\/www.rorzerobotech.com\/products\/\"><img decoding=\"async\" src=\"https:\/\/www.rorzerobotech.com\/wp-content\/themes\/rorze\/images\/system-product-01.png\" width=\"284\" alt=\"S\u1ea3n ph\u1ea9m H\u1ec7 th\u1ed1ng\"><\/a><\/li>\n<li><a href=\"https:\/\/www.rorzerobotech.com\/products\/\"><img decoding=\"async\" src=\"https:\/\/www.rorzerobotech.com\/wp-content\/themes\/rorze\/images\/system-product-02.png\" width=\"284\" alt=\"S\u1ea3n ph\u1ea9m H\u1ec7 th\u1ed1ng\"><\/a><\/li>\n<li><a href=\"https:\/\/www.rorzerobotech.com\/products\/\"><img decoding=\"async\" src=\"https:\/\/www.rorzerobotech.com\/wp-content\/themes\/rorze\/images\/system-product-03.png\" width=\"284\" alt=\"S\u1ea3n ph\u1ea9m H\u1ec7 th\u1ed1ng\"><\/a><\/li>\n<li><a href=\"https:\/\/www.rorzerobotech.com\/products\/\"><img decoding=\"async\" src=\"https:\/\/www.rorzerobotech.com\/wp-content\/themes\/rorze\/images\/system-product-04.png\" width=\"284\" alt=\"S\u1ea3n ph\u1ea9m H\u1ec7 th\u1ed1ng\"><\/a><\/li>\n<\/ul>\n<p class=\"center button\"><a href=\"https:\/\/www.rorzerobotech.com\/products\/\" class=\"primary-button\">Xem th\u00eam<\/a><\/p>\n<\/p><\/div>\n<\/p><\/div>\n<\/p><\/div>\n<div class=\"group-buttons\">\n<div class=\"inner\">\n<ul class=\"large-buttons flex-wrap\">\n<li><a href=\"https:\/\/www.rorzerobotech.com\/system\/design\/\" class=\"primary-button border-gray\">Thi\u1ebft k\u1ebf<\/a><\/li>\n<li><a href=\"https:\/\/www.rorzerobotech.com\/system\/processing-sheetmetal-bending\/\" class=\"primary-button border-gray\">Gia c\u00f4ng &#8211; Kim lo\u1ea1i t\u1ea5m &#8211; U\u1ed1n<\/a><\/li>\n<li><a href=\"https:\/\/www.rorzerobotech.com\/system\/welding-painting\/\" class=\"primary-button border-gray\">H\u00e0n &#8211; S\u01a1n<\/a><\/li>\n<li><a href=\"https:\/\/www.rorzerobotech.com\/system\/washing-treatment\/\" class=\"primary-button border-gray\">V\u1ec7 sinh &#8211; Gia c\u00f4ng b\u1ec1 m\u1eb7t<\/a><\/li>\n<li><a href=\"https:\/\/www.rorzerobotech.com\/system\/pcb-assembly-wiring\/\" class=\"primary-button border-gray\">L\u1eafp gh\u00e9p vi m\u1ea1ch<br class=\"\">\u0111i\u1ec7n t\u1eed v\u00e0 d\u00e2y \u0111i\u1ec7n<\/a><\/li>\n<li><a href=\"https:\/\/www.rorzerobotech.com\/system\/assembly\/\" class=\"primary-button border-gray\">L\u1eafp r\u00e1p robot<br class=\"\">T\u00edch h\u1ee3p h\u1ec7 th\u1ed1ng<\/a><\/li>\n<\/ul><\/div>\n<\/p><\/div>\n<\/div>\n","protected":false},"excerpt":{"rendered":"<p>H\u1ec6 TH\u1ed0NG S\u1ea2N XU\u1ea4T T\u00cdCH H\u1ee2P THEO CHI\u1ec0U D\u1eccC Thi\u1ebft k\u1ebf Thi\u1ebft k\u1ebf Gia c\u00f4ng Gia c\u00f4ngKim lo\u1ea1i t\u1ea5mU\u1ed1n H\u00e0nS\u01a1n V\u1ec7 sinhGia c\u00f4ng b\u1ec1 m\u1eb7t L\u1eafp r\u00e1p L\u1eafp gh\u00e9p vi m\u1ea1ch\u0111i\u1ec7n t\u1eed v\u00e0 d\u00e2y \u0111i\u1ec7n L\u1eafp r\u00e1p robotT\u00edch h\u1ee3p h\u1ec7 th\u1ed1ng S\u1ea3n ph\u1ea9m H\u1ec7 th\u1ed1ng Xem th\u00eam Thi\u1ebft k\u1ebf Gia c\u00f4ng &#8211; Kim lo\u1ea1i t\u1ea5m [&hellip;]<\/p>\n","protected":false},"author":1,"featured_media":0,"parent":0,"menu_order":0,"comment_status":"closed","ping_status":"closed","template":"","meta":{"_acf_changed":false,"_locale":"vi","_original_post":"https:\/\/rorzerobotech.com\/?page_id=70","footnotes":""},"class_list":["post-18522","page","type-page","status-publish","hentry","vi"],"acf":[],"aioseo_notices":[],"_links":{"self":[{"href":"https:\/\/www.rorzerobotech.com\/wp-json\/wp\/v2\/pages\/18522","targetHints":{"allow":["GET"]}}],"collection":[{"href":"https:\/\/www.rorzerobotech.com\/wp-json\/wp\/v2\/pages"}],"about":[{"href":"https:\/\/www.rorzerobotech.com\/wp-json\/wp\/v2\/types\/page"}],"author":[{"embeddable":true,"href":"https:\/\/www.rorzerobotech.com\/wp-json\/wp\/v2\/users\/1"}],"replies":[{"embeddable":true,"href":"https:\/\/www.rorzerobotech.com\/wp-json\/wp\/v2\/comments?post=18522"}],"version-history":[{"count":2,"href":"https:\/\/www.rorzerobotech.com\/wp-json\/wp\/v2\/pages\/18522\/revisions"}],"predecessor-version":[{"id":18525,"href":"https:\/\/www.rorzerobotech.com\/wp-json\/wp\/v2\/pages\/18522\/revisions\/18525"}],"wp:attachment":[{"href":"https:\/\/www.rorzerobotech.com\/wp-json\/wp\/v2\/media?parent=18522"}],"curies":[{"name":"wp","href":"https:\/\/api.w.org\/{rel}","templated":true}]}}