{"id":18527,"date":"2024-06-11T15:13:28","date_gmt":"2024-06-11T08:13:28","guid":{"rendered":"https:\/\/rorzerobotech.com\/?page_id=18527"},"modified":"2024-06-11T15:13:28","modified_gmt":"2024-06-11T08:13:28","slug":"assembly","status":"publish","type":"page","link":"https:\/\/www.rorzerobotech.com\/vi\/system\/assembly\/","title":{"rendered":"L\u1eafp r\u00e1p robot \u2013 T\u00edch h\u1ee3p h\u1ec7 th\u1ed1ng"},"content":{"rendered":"<div id=\"content\" class=\"main-content\">\n<div class=\"container-title-buttons\">\n<div class=\"inner\">\n<ul class=\"flex-wrap\">\n<li><a href=\"#robot-assembly-ttl\">L\u1eafp r\u00e1p robot<\/a><\/li>\n<li><a href=\"#system-integration-ttl\">T\u00edch h\u1ee3p h\u1ec7 th\u1ed1ng<\/a><\/li>\n<\/ul><\/div>\n<\/p><\/div>\n<ul class=\"flex-wrap square-items\">\n<li id=\"robot-assembly-ttl\" class=\"black-title\">L\u1eafp r\u00e1p robot<\/li>\n<li><a href=\"https:\/\/www.rorzerobotech.com\/wp-content\/themes\/rorze\/images\/system-assembly-full-018.jpg\" data-lightbox=\"L\u1eafp r\u00e1p robot 018\" data-title=\"L\u1eafp r\u00e1p robot\"><img decoding=\"async\" src=\"https:\/\/www.rorzerobotech.com\/wp-content\/themes\/rorze\/images\/system-assembly-thumbnail-018.jpg\" alt=\"L\u1eafp r\u00e1p robot\"><\/a><\/li>\n<li><a href=\"https:\/\/www.rorzerobotech.com\/wp-content\/themes\/rorze\/images\/system-assembly-full-019.jpg\" data-lightbox=\"L\u1eafp r\u00e1p robot 019\" data-title=\"L\u1eafp r\u00e1p robot\"><img decoding=\"async\" src=\"https:\/\/www.rorzerobotech.com\/wp-content\/themes\/rorze\/images\/system-assembly-thumbnail-019.jpg\" alt=\"L\u1eafp r\u00e1p robot\"><\/a><\/li>\n<li><a href=\"https:\/\/www.rorzerobotech.com\/wp-content\/themes\/rorze\/images\/system-assembly-full-001.jpg\" data-lightbox=\"L\u1eafp r\u00e1p robot 001\" data-title=\"L\u1eafp r\u00e1p robot\"><img decoding=\"async\" src=\"https:\/\/www.rorzerobotech.com\/wp-content\/themes\/rorze\/images\/system-assembly-thumbnail-001.jpg\" alt=\"L\u1eafp r\u00e1p robot\"><\/a><\/li>\n<li><a href=\"https:\/\/www.rorzerobotech.com\/wp-content\/themes\/rorze\/images\/system-assembly-full-004.jpg\" data-lightbox=\"L\u1eafp r\u00e1p robot 004\" data-title=\"L\u1eafp r\u00e1p robot\"><img decoding=\"async\" src=\"https:\/\/www.rorzerobotech.com\/wp-content\/themes\/rorze\/images\/system-assembly-thumbnail-004.jpg\" alt=\"L\u1eafp r\u00e1p robot\"><\/a><\/li>\n<li><a href=\"https:\/\/www.rorzerobotech.com\/wp-content\/themes\/rorze\/images\/system-assembly-full-005.jpg\" data-lightbox=\"L\u1eafp r\u00e1p robot 005\" data-title=\"L\u1eafp r\u00e1p robot\"><img decoding=\"async\" src=\"https:\/\/www.rorzerobotech.com\/wp-content\/themes\/rorze\/images\/system-assembly-thumbnail-005.jpg\" alt=\"L\u1eafp r\u00e1p robot\"><\/a><\/li>\n<li><a href=\"https:\/\/www.rorzerobotech.com\/wp-content\/themes\/rorze\/images\/system-assembly-full-020.jpg\" data-lightbox=\"L\u1eafp r\u00e1p robot 020\" data-title=\"L\u1eafp r\u00e1p robot\"><img decoding=\"async\" src=\"https:\/\/www.rorzerobotech.com\/wp-content\/themes\/rorze\/images\/system-assembly-thumbnail-020.jpg\" alt=\"L\u1eafp r\u00e1p robot\"><\/a><\/li>\n<\/ul>\n<ul class=\"flex-wrap square-items\">\n<li id=\"system-integration-ttl\" class=\"black-title\">T\u00edch h\u1ee3p h\u1ec7 th\u1ed1ng<\/li>\n<li><a href=\"https:\/\/www.rorzerobotech.com\/wp-content\/themes\/rorze\/images\/system-assembly-full-006.jpg\" data-lightbox=\"T\u00edch h\u1ee3p h\u1ec7 th\u1ed1ng 006\" data-title=\"T\u00edch h\u1ee3p h\u1ec7 th\u1ed1ng\"><img decoding=\"async\" src=\"https:\/\/www.rorzerobotech.com\/wp-content\/themes\/rorze\/images\/system-assembly-thumbnail-006.jpg\" alt=\"T\u00edch h\u1ee3p h\u1ec7 th\u1ed1ng\"><\/a><\/li>\n<li><a href=\"https:\/\/www.rorzerobotech.com\/wp-content\/themes\/rorze\/images\/system-assembly-full-009.jpg\" data-lightbox=\"T\u00edch h\u1ee3p h\u1ec7 th\u1ed1ng 009\" data-title=\"T\u00edch h\u1ee3p h\u1ec7 th\u1ed1ng\"><img decoding=\"async\" src=\"https:\/\/www.rorzerobotech.com\/wp-content\/themes\/rorze\/images\/system-assembly-thumbnail-009.jpg\" alt=\"T\u00edch h\u1ee3p h\u1ec7 th\u1ed1ng\"><\/a><\/li>\n<li><a href=\"https:\/\/www.rorzerobotech.com\/wp-content\/themes\/rorze\/images\/system-assembly-full-010.jpg\" data-lightbox=\"T\u00edch h\u1ee3p h\u1ec7 th\u1ed1ng 010\" data-title=\"T\u00edch h\u1ee3p h\u1ec7 th\u1ed1ng\"><img decoding=\"async\" src=\"https:\/\/www.rorzerobotech.com\/wp-content\/themes\/rorze\/images\/system-assembly-thumbnail-010.jpg\" alt=\"T\u00edch h\u1ee3p h\u1ec7 th\u1ed1ng\"><\/a><\/li>\n<li><a href=\"https:\/\/www.rorzerobotech.com\/wp-content\/themes\/rorze\/images\/system-assembly-full-011.jpg\" data-lightbox=\"T\u00edch h\u1ee3p h\u1ec7 th\u1ed1ng 011\" data-title=\"T\u00edch h\u1ee3p h\u1ec7 th\u1ed1ng\"><img decoding=\"async\" src=\"https:\/\/www.rorzerobotech.com\/wp-content\/themes\/rorze\/images\/system-assembly-thumbnail-011.jpg\" alt=\"T\u00edch h\u1ee3p h\u1ec7 th\u1ed1ng\"><\/a><\/li>\n<li><a href=\"https:\/\/www.rorzerobotech.com\/wp-content\/themes\/rorze\/images\/system-assembly-full-012.jpg\" data-lightbox=\"T\u00edch h\u1ee3p h\u1ec7 th\u1ed1ng 012\" data-title=\"T\u00edch h\u1ee3p h\u1ec7 th\u1ed1ng\"><img decoding=\"async\" src=\"https:\/\/www.rorzerobotech.com\/wp-content\/themes\/rorze\/images\/system-assembly-thumbnail-012.jpg\" alt=\"T\u00edch h\u1ee3p h\u1ec7 th\u1ed1ng\"><\/a><\/li>\n<li><a href=\"https:\/\/www.rorzerobotech.com\/wp-content\/themes\/rorze\/images\/system-assembly-full-013.jpg\" data-lightbox=\"T\u00edch h\u1ee3p h\u1ec7 th\u1ed1ng 013\" data-title=\"T\u00edch h\u1ee3p h\u1ec7 th\u1ed1ng\"><img decoding=\"async\" src=\"https:\/\/www.rorzerobotech.com\/wp-content\/themes\/rorze\/images\/system-assembly-thumbnail-013.jpg\" alt=\"T\u00edch h\u1ee3p h\u1ec7 th\u1ed1ng\"><\/a><\/li>\n<li><a href=\"https:\/\/www.rorzerobotech.com\/wp-content\/themes\/rorze\/images\/system-assembly-full-014.jpg\" data-lightbox=\"T\u00edch h\u1ee3p h\u1ec7 th\u1ed1ng 014\" data-title=\"T\u00edch h\u1ee3p h\u1ec7 th\u1ed1ng\"><img decoding=\"async\" src=\"https:\/\/www.rorzerobotech.com\/wp-content\/themes\/rorze\/images\/system-assembly-thumbnail-014.jpg\" alt=\"T\u00edch h\u1ee3p h\u1ec7 th\u1ed1ng\"><\/a><\/li>\n<li><a href=\"https:\/\/www.rorzerobotech.com\/wp-content\/themes\/rorze\/images\/system-assembly-full-015.jpg\" data-lightbox=\"T\u00edch h\u1ee3p h\u1ec7 th\u1ed1ng 015\" data-title=\"T\u00edch h\u1ee3p h\u1ec7 th\u1ed1ng\"><img decoding=\"async\" src=\"https:\/\/www.rorzerobotech.com\/wp-content\/themes\/rorze\/images\/system-assembly-thumbnail-015.jpg\" alt=\"T\u00edch h\u1ee3p h\u1ec7 th\u1ed1ng\"><\/a><\/li>\n<li><a href=\"https:\/\/www.rorzerobotech.com\/wp-content\/themes\/rorze\/images\/system-assembly-full-016.jpg\" data-lightbox=\"T\u00edch h\u1ee3p h\u1ec7 th\u1ed1ng 016\" data-title=\"T\u00edch h\u1ee3p h\u1ec7 th\u1ed1ng\"><img decoding=\"async\" src=\"https:\/\/www.rorzerobotech.com\/wp-content\/themes\/rorze\/images\/system-assembly-thumbnail-016.jpg\" alt=\"T\u00edch h\u1ee3p h\u1ec7 th\u1ed1ng\"><\/a><\/li>\n<\/ul>\n<div class=\"group-buttons\">\n<div class=\"inner\">\n<ul class=\"large-buttons flex-wrap\">\n<li><a href=\"https:\/\/www.rorzerobotech.com\/system\/design\/\" class=\"primary-button border-gray\">Thi\u1ebft k\u1ebf<\/a><\/li>\n<li><a href=\"https:\/\/www.rorzerobotech.com\/system\/processing-sheetmetal-bending\/\" class=\"primary-button border-gray\">Gia c\u00f4ng &#8211; Kim lo\u1ea1i t\u1ea5m &#8211; U\u1ed1n<\/a><\/li>\n<li><a href=\"https:\/\/www.rorzerobotech.com\/system\/welding-painting\/\" class=\"primary-button border-gray\">H\u00e0n &#8211; S\u01a1n<\/a><\/li>\n<li><a href=\"https:\/\/www.rorzerobotech.com\/system\/washing-treatment\/\" class=\"primary-button border-gray\">V\u1ec7 sinh &#8211; Gia c\u00f4ng b\u1ec1 m\u1eb7t<\/a><\/li>\n<li><a href=\"https:\/\/www.rorzerobotech.com\/system\/pcb-assembly-wiring\/\" class=\"primary-button border-gray\">L\u1eafp gh\u00e9p vi m\u1ea1ch<br \/>\u0111i\u1ec7n t\u1eed v\u00e0 d\u00e2y \u0111i\u1ec7n<\/a><\/li>\n<li><a href=\"https:\/\/www.rorzerobotech.com\/system\/assembly\/\" class=\"primary-button border-gray\">L\u1eafp r\u00e1p robot<br class=\"\">T\u00edch h\u1ee3p h\u1ec7 th\u1ed1ng<\/a><\/li>\n<\/ul><\/div>\n<\/p><\/div>\n<\/div>\n","protected":false},"excerpt":{"rendered":"<p>L\u1eafp r\u00e1p robot T\u00edch h\u1ee3p h\u1ec7 th\u1ed1ng L\u1eafp r\u00e1p robot T\u00edch h\u1ee3p h\u1ec7 th\u1ed1ng Thi\u1ebft k\u1ebf Gia c\u00f4ng &#8211; Kim lo\u1ea1i t\u1ea5m &#8211; U\u1ed1n H\u00e0n &#8211; S\u01a1n V\u1ec7 sinh &#8211; Gia c\u00f4ng b\u1ec1 m\u1eb7t L\u1eafp gh\u00e9p vi m\u1ea1ch\u0111i\u1ec7n t\u1eed v\u00e0 d\u00e2y \u0111i\u1ec7n L\u1eafp r\u00e1p robotT\u00edch h\u1ee3p h\u1ec7 th\u1ed1ng<\/p>\n","protected":false},"author":1,"featured_media":0,"parent":18522,"menu_order":0,"comment_status":"closed","ping_status":"closed","template":"","meta":{"_acf_changed":false,"_locale":"vi","_original_post":"https:\/\/rorzerobotech.com\/?page_id=90","footnotes":""},"class_list":["post-18527","page","type-page","status-publish","hentry","vi"],"acf":[],"aioseo_notices":[],"_links":{"self":[{"href":"https:\/\/www.rorzerobotech.com\/wp-json\/wp\/v2\/pages\/18527","targetHints":{"allow":["GET"]}}],"collection":[{"href":"https:\/\/www.rorzerobotech.com\/wp-json\/wp\/v2\/pages"}],"about":[{"href":"https:\/\/www.rorzerobotech.com\/wp-json\/wp\/v2\/types\/page"}],"author":[{"embeddable":true,"href":"https:\/\/www.rorzerobotech.com\/wp-json\/wp\/v2\/users\/1"}],"replies":[{"embeddable":true,"href":"https:\/\/www.rorzerobotech.com\/wp-json\/wp\/v2\/comments?post=18527"}],"version-history":[{"count":1,"href":"https:\/\/www.rorzerobotech.com\/wp-json\/wp\/v2\/pages\/18527\/revisions"}],"predecessor-version":[{"id":18529,"href":"https:\/\/www.rorzerobotech.com\/wp-json\/wp\/v2\/pages\/18527\/revisions\/18529"}],"up":[{"embeddable":true,"href":"https:\/\/www.rorzerobotech.com\/wp-json\/wp\/v2\/pages\/18522"}],"wp:attachment":[{"href":"https:\/\/www.rorzerobotech.com\/wp-json\/wp\/v2\/media?parent=18527"}],"curies":[{"name":"wp","href":"https:\/\/api.w.org\/{rel}","templated":true}]}}