{"id":18530,"date":"2024-06-11T15:14:31","date_gmt":"2024-06-11T08:14:31","guid":{"rendered":"https:\/\/rorzerobotech.com\/?page_id=18530"},"modified":"2024-06-11T15:15:59","modified_gmt":"2024-06-11T08:15:59","slug":"pcb-assembly-wiring","status":"publish","type":"page","link":"https:\/\/www.rorzerobotech.com\/vi\/system\/pcb-assembly-wiring\/","title":{"rendered":"L\u1eafp gh\u00e9p vi m\u1ea1ch \u0111i\u1ec7n t\u1eed v\u00e0 d\u00e2y \u0111i\u1ec7n"},"content":{"rendered":"<div id=\"content\" class=\"main-content\">\n<ul class=\"flex-wrap square-items\">\n<li class=\"black-title\">L\u1eafp gh\u00e9p vi m\u1ea1ch \u0111i\u1ec7n t\u1eed v\u00e0 d\u00e2y \u0111i\u1ec7n<\/li>\n<li><a href=\"https:\/\/www.rorzerobotech.com\/wp-content\/themes\/rorze\/images\/assembly-wiring-full-001.jpg\" data-lightbox=\"L\u1eafp gh\u00e9p vi m\u1ea1ch \u0111i\u1ec7n t\u1eed v\u00e0 d\u00e2y \u0111i\u1ec7n 001\" data-title=\"L\u1eafp gh\u00e9p vi m\u1ea1ch \u0111i\u1ec7n t\u1eed v\u00e0 d\u00e2y \u0111i\u1ec7n\"><img decoding=\"async\" src=\"https:\/\/www.rorzerobotech.com\/wp-content\/themes\/rorze\/images\/assembly-wiring-thumbnail-001.jpg\" alt=\"L\u1eafp gh\u00e9p vi m\u1ea1ch \u0111i\u1ec7n t\u1eed v\u00e0 d\u00e2y \u0111i\u1ec7n\"><\/a><\/li>\n<li><a href=\"https:\/\/www.rorzerobotech.com\/wp-content\/themes\/rorze\/images\/assembly-wiring-full-002.jpg\" data-lightbox=\"L\u1eafp gh\u00e9p vi m\u1ea1ch \u0111i\u1ec7n t\u1eed v\u00e0 d\u00e2y \u0111i\u1ec7n 002\" data-title=\"L\u1eafp gh\u00e9p vi m\u1ea1ch \u0111i\u1ec7n t\u1eed v\u00e0 d\u00e2y \u0111i\u1ec7n\"><img decoding=\"async\" src=\"https:\/\/www.rorzerobotech.com\/wp-content\/themes\/rorze\/images\/assembly-wiring-thumbnail-002.jpg\" alt=\"L\u1eafp gh\u00e9p vi m\u1ea1ch \u0111i\u1ec7n t\u1eed v\u00e0 d\u00e2y \u0111i\u1ec7n\"><\/a><\/li>\n<li><a href=\"https:\/\/www.rorzerobotech.com\/wp-content\/themes\/rorze\/images\/assembly-wiring-full-003.jpg\" data-lightbox=\"L\u1eafp gh\u00e9p vi m\u1ea1ch \u0111i\u1ec7n t\u1eed v\u00e0 d\u00e2y \u0111i\u1ec7n 003\" data-title=\"L\u1eafp gh\u00e9p vi m\u1ea1ch \u0111i\u1ec7n t\u1eed v\u00e0 d\u00e2y \u0111i\u1ec7n\"><img decoding=\"async\" src=\"https:\/\/www.rorzerobotech.com\/wp-content\/themes\/rorze\/images\/assembly-wiring-thumbnail-003.jpg\" alt=\"L\u1eafp gh\u00e9p vi m\u1ea1ch \u0111i\u1ec7n t\u1eed v\u00e0 d\u00e2y \u0111i\u1ec7n\"><\/a><\/li>\n<li><a href=\"https:\/\/www.rorzerobotech.com\/wp-content\/themes\/rorze\/images\/assembly-wiring-full-004.jpg\" data-lightbox=\"L\u1eafp gh\u00e9p vi m\u1ea1ch \u0111i\u1ec7n t\u1eed v\u00e0 d\u00e2y \u0111i\u1ec7n 004\" data-title=\"L\u1eafp gh\u00e9p vi m\u1ea1ch \u0111i\u1ec7n t\u1eed v\u00e0 d\u00e2y \u0111i\u1ec7n\"><img decoding=\"async\" src=\"https:\/\/www.rorzerobotech.com\/wp-content\/themes\/rorze\/images\/assembly-wiring-thumbnail-004.jpg\" alt=\"L\u1eafp gh\u00e9p vi m\u1ea1ch \u0111i\u1ec7n t\u1eed v\u00e0 d\u00e2y \u0111i\u1ec7n\"><\/a><\/li>\n<li><a href=\"https:\/\/www.rorzerobotech.com\/wp-content\/themes\/rorze\/images\/assembly-wiring-full-005.jpg\" data-lightbox=\"L\u1eafp gh\u00e9p vi m\u1ea1ch \u0111i\u1ec7n t\u1eed v\u00e0 d\u00e2y \u0111i\u1ec7n 005\" data-title=\"L\u1eafp gh\u00e9p vi m\u1ea1ch \u0111i\u1ec7n t\u1eed v\u00e0 d\u00e2y \u0111i\u1ec7n\"><img decoding=\"async\" src=\"https:\/\/www.rorzerobotech.com\/wp-content\/themes\/rorze\/images\/assembly-wiring-thumbnail-005.jpg\" alt=\"L\u1eafp gh\u00e9p vi m\u1ea1ch \u0111i\u1ec7n t\u1eed v\u00e0 d\u00e2y \u0111i\u1ec7n\"><\/a><\/li>\n<li><a href=\"https:\/\/www.rorzerobotech.com\/wp-content\/themes\/rorze\/images\/assembly-wiring-full-006.jpg\" data-lightbox=\"L\u1eafp gh\u00e9p vi m\u1ea1ch \u0111i\u1ec7n t\u1eed v\u00e0 d\u00e2y \u0111i\u1ec7n 006\" data-title=\"L\u1eafp gh\u00e9p vi m\u1ea1ch \u0111i\u1ec7n t\u1eed v\u00e0 d\u00e2y \u0111i\u1ec7n\"><img decoding=\"async\" src=\"https:\/\/www.rorzerobotech.com\/wp-content\/themes\/rorze\/images\/assembly-wiring-thumbnail-006.jpg\" alt=\"L\u1eafp gh\u00e9p vi m\u1ea1ch \u0111i\u1ec7n t\u1eed v\u00e0 d\u00e2y \u0111i\u1ec7n\"><\/a><\/li>\n<li><a href=\"https:\/\/www.rorzerobotech.com\/wp-content\/themes\/rorze\/images\/assembly-wiring-full-007.jpg\" data-lightbox=\"L\u1eafp gh\u00e9p vi m\u1ea1ch \u0111i\u1ec7n t\u1eed v\u00e0 d\u00e2y \u0111i\u1ec7n 007\" data-title=\"L\u1eafp gh\u00e9p vi m\u1ea1ch \u0111i\u1ec7n t\u1eed v\u00e0 d\u00e2y \u0111i\u1ec7n\"><img decoding=\"async\" src=\"https:\/\/www.rorzerobotech.com\/wp-content\/themes\/rorze\/images\/assembly-wiring-thumbnail-007.jpg\" alt=\"L\u1eafp gh\u00e9p vi m\u1ea1ch \u0111i\u1ec7n t\u1eed v\u00e0 d\u00e2y \u0111i\u1ec7n\"><\/a><\/li>\n<li><a href=\"https:\/\/www.rorzerobotech.com\/wp-content\/themes\/rorze\/images\/assembly-wiring-full-008.jpg\" data-lightbox=\"L\u1eafp gh\u00e9p vi m\u1ea1ch \u0111i\u1ec7n t\u1eed v\u00e0 d\u00e2y \u0111i\u1ec7n 008\" data-title=\"L\u1eafp gh\u00e9p vi m\u1ea1ch \u0111i\u1ec7n t\u1eed v\u00e0 d\u00e2y \u0111i\u1ec7n\"><img decoding=\"async\" src=\"https:\/\/www.rorzerobotech.com\/wp-content\/themes\/rorze\/images\/assembly-wiring-thumbnail-008.jpg\" alt=\"L\u1eafp gh\u00e9p vi m\u1ea1ch \u0111i\u1ec7n t\u1eed v\u00e0 d\u00e2y \u0111i\u1ec7n\"><\/a><\/li>\n<li><a href=\"https:\/\/www.rorzerobotech.com\/wp-content\/themes\/rorze\/images\/assembly-wiring-full-009.jpg\" data-lightbox=\"L\u1eafp gh\u00e9p vi m\u1ea1ch \u0111i\u1ec7n t\u1eed v\u00e0 d\u00e2y \u0111i\u1ec7n 009\" data-title=\"L\u1eafp gh\u00e9p vi m\u1ea1ch \u0111i\u1ec7n t\u1eed v\u00e0 d\u00e2y \u0111i\u1ec7n\"><img decoding=\"async\" src=\"https:\/\/www.rorzerobotech.com\/wp-content\/themes\/rorze\/images\/assembly-wiring-thumbnail-009.jpg\" alt=\"L\u1eafp gh\u00e9p vi m\u1ea1ch \u0111i\u1ec7n t\u1eed v\u00e0 d\u00e2y \u0111i\u1ec7n\"><\/a><\/li>\n<li><a href=\"https:\/\/www.rorzerobotech.com\/wp-content\/themes\/rorze\/images\/assembly-wiring-full-010.jpg\" data-lightbox=\"L\u1eafp gh\u00e9p vi m\u1ea1ch \u0111i\u1ec7n t\u1eed v\u00e0 d\u00e2y \u0111i\u1ec7n 010\" data-title=\"L\u1eafp gh\u00e9p vi m\u1ea1ch \u0111i\u1ec7n t\u1eed v\u00e0 d\u00e2y \u0111i\u1ec7n\"><img decoding=\"async\" src=\"https:\/\/www.rorzerobotech.com\/wp-content\/themes\/rorze\/images\/assembly-wiring-thumbnail-010.jpg\" alt=\"L\u1eafp gh\u00e9p vi m\u1ea1ch \u0111i\u1ec7n t\u1eed v\u00e0 d\u00e2y \u0111i\u1ec7n\"><\/a><\/li>\n<li><a href=\"https:\/\/www.rorzerobotech.com\/wp-content\/themes\/rorze\/images\/assembly-wiring-full-011.jpg\" data-lightbox=\"L\u1eafp gh\u00e9p vi m\u1ea1ch \u0111i\u1ec7n t\u1eed v\u00e0 d\u00e2y \u0111i\u1ec7n 011\" data-title=\"L\u1eafp gh\u00e9p vi m\u1ea1ch \u0111i\u1ec7n t\u1eed v\u00e0 d\u00e2y \u0111i\u1ec7n\"><img decoding=\"async\" src=\"https:\/\/www.rorzerobotech.com\/wp-content\/themes\/rorze\/images\/assembly-wiring-thumbnail-011.jpg\" alt=\"L\u1eafp gh\u00e9p vi m\u1ea1ch \u0111i\u1ec7n t\u1eed v\u00e0 d\u00e2y \u0111i\u1ec7n\"><\/a><\/li>\n<li><a href=\"https:\/\/www.rorzerobotech.com\/wp-content\/themes\/rorze\/images\/assembly-wiring-full-012.jpg\" data-lightbox=\"L\u1eafp gh\u00e9p vi m\u1ea1ch \u0111i\u1ec7n t\u1eed v\u00e0 d\u00e2y \u0111i\u1ec7n 012\" data-title=\"L\u1eafp gh\u00e9p vi m\u1ea1ch \u0111i\u1ec7n t\u1eed v\u00e0 d\u00e2y \u0111i\u1ec7n\"><img decoding=\"async\" src=\"https:\/\/www.rorzerobotech.com\/wp-content\/themes\/rorze\/images\/assembly-wiring-thumbnail-012.jpg\" alt=\"L\u1eafp gh\u00e9p vi m\u1ea1ch \u0111i\u1ec7n t\u1eed v\u00e0 d\u00e2y \u0111i\u1ec7n\"><\/a><\/li>\n<li><a href=\"https:\/\/www.rorzerobotech.com\/wp-content\/themes\/rorze\/images\/assembly-wiring-full-013.jpg\" data-lightbox=\"L\u1eafp gh\u00e9p vi m\u1ea1ch \u0111i\u1ec7n t\u1eed v\u00e0 d\u00e2y \u0111i\u1ec7n 013\" data-title=\"L\u1eafp gh\u00e9p vi m\u1ea1ch \u0111i\u1ec7n t\u1eed v\u00e0 d\u00e2y \u0111i\u1ec7n\"><img decoding=\"async\" src=\"https:\/\/www.rorzerobotech.com\/wp-content\/themes\/rorze\/images\/assembly-wiring-thumbnail-013.jpg\" alt=\"L\u1eafp gh\u00e9p vi m\u1ea1ch \u0111i\u1ec7n t\u1eed v\u00e0 d\u00e2y \u0111i\u1ec7n\"><\/a><\/li>\n<li><a href=\"https:\/\/www.rorzerobotech.com\/wp-content\/themes\/rorze\/images\/assembly-wiring-full-014.jpg\" data-lightbox=\"L\u1eafp gh\u00e9p vi m\u1ea1ch \u0111i\u1ec7n t\u1eed v\u00e0 d\u00e2y \u0111i\u1ec7n 014\" data-title=\"L\u1eafp gh\u00e9p vi m\u1ea1ch \u0111i\u1ec7n t\u1eed v\u00e0 d\u00e2y \u0111i\u1ec7n\"><img decoding=\"async\" src=\"https:\/\/www.rorzerobotech.com\/wp-content\/themes\/rorze\/images\/assembly-wiring-thumbnail-014.jpg\" alt=\"L\u1eafp gh\u00e9p vi m\u1ea1ch \u0111i\u1ec7n t\u1eed v\u00e0 d\u00e2y \u0111i\u1ec7n\"><\/a><\/li>\n<li><a href=\"https:\/\/www.rorzerobotech.com\/wp-content\/themes\/rorze\/images\/assembly-wiring-full-015.jpg\" data-lightbox=\"L\u1eafp gh\u00e9p vi m\u1ea1ch \u0111i\u1ec7n t\u1eed v\u00e0 d\u00e2y \u0111i\u1ec7n 015\" data-title=\"L\u1eafp gh\u00e9p vi m\u1ea1ch \u0111i\u1ec7n t\u1eed v\u00e0 d\u00e2y \u0111i\u1ec7n\"><img decoding=\"async\" src=\"https:\/\/www.rorzerobotech.com\/wp-content\/themes\/rorze\/images\/assembly-wiring-thumbnail-015.jpg\" alt=\"L\u1eafp gh\u00e9p vi m\u1ea1ch \u0111i\u1ec7n t\u1eed v\u00e0 d\u00e2y \u0111i\u1ec7n\"><\/a><\/li>\n<li><a href=\"https:\/\/www.rorzerobotech.com\/wp-content\/themes\/rorze\/images\/assembly-wiring-full-016.jpg\" data-lightbox=\"L\u1eafp gh\u00e9p vi m\u1ea1ch \u0111i\u1ec7n t\u1eed v\u00e0 d\u00e2y \u0111i\u1ec7n 016\" data-title=\"L\u1eafp gh\u00e9p vi m\u1ea1ch \u0111i\u1ec7n t\u1eed v\u00e0 d\u00e2y \u0111i\u1ec7n\"><img decoding=\"async\" src=\"https:\/\/www.rorzerobotech.com\/wp-content\/themes\/rorze\/images\/assembly-wiring-thumbnail-016.jpg\" alt=\"L\u1eafp gh\u00e9p vi m\u1ea1ch \u0111i\u1ec7n t\u1eed v\u00e0 d\u00e2y \u0111i\u1ec7n\"><\/a><\/li>\n<li><a href=\"https:\/\/www.rorzerobotech.com\/wp-content\/themes\/rorze\/images\/assembly-wiring-full-017.jpg\" data-lightbox=\"L\u1eafp gh\u00e9p vi m\u1ea1ch \u0111i\u1ec7n t\u1eed v\u00e0 d\u00e2y \u0111i\u1ec7n 017\" data-title=\"L\u1eafp gh\u00e9p vi m\u1ea1ch \u0111i\u1ec7n t\u1eed v\u00e0 d\u00e2y \u0111i\u1ec7n\"><img decoding=\"async\" src=\"https:\/\/www.rorzerobotech.com\/wp-content\/themes\/rorze\/images\/assembly-wiring-thumbnail-017.jpg\" alt=\"L\u1eafp gh\u00e9p vi m\u1ea1ch \u0111i\u1ec7n t\u1eed v\u00e0 d\u00e2y \u0111i\u1ec7n\"><\/a><\/li>\n<\/ul>\n<div class=\"group-buttons\">\n<div class=\"inner\">\n<ul class=\"large-buttons flex-wrap\">\n<li><a href=\"https:\/\/www.rorzerobotech.com\/system\/design\/\" class=\"primary-button border-gray\">Thi\u1ebft k\u1ebf<\/a><\/li>\n<li><a href=\"https:\/\/www.rorzerobotech.com\/system\/processing-sheetmetal-bending\/\" class=\"primary-button border-gray\">Gia c\u00f4ng &#8211; Kim lo\u1ea1i t\u1ea5m &#8211; U\u1ed1n<\/a><\/li>\n<li><a href=\"https:\/\/www.rorzerobotech.com\/system\/welding-painting\/\" class=\"primary-button border-gray\">H\u00e0n &#8211; S\u01a1n<\/a><\/li>\n<li><a href=\"https:\/\/www.rorzerobotech.com\/system\/washing-treatment\/\" class=\"primary-button border-gray\">V\u1ec7 sinh &#8211; Gia c\u00f4ng b\u1ec1 m\u1eb7t<\/a><\/li>\n<li><a href=\"https:\/\/www.rorzerobotech.com\/system\/pcb-assembly-wiring\/\" class=\"primary-button border-gray\">L\u1eafp gh\u00e9p vi m\u1ea1ch<br \/>\u0111i\u1ec7n t\u1eed v\u00e0 d\u00e2y \u0111i\u1ec7n<\/a><\/li>\n<li><a href=\"https:\/\/www.rorzerobotech.com\/system\/assembly\/\" class=\"primary-button border-gray\">L\u1eafp r\u00e1p robot<br class=\"\">T\u00edch h\u1ee3p h\u1ec7 th\u1ed1ng<\/a><\/li>\n<\/ul><\/div>\n<\/p><\/div>\n<\/div>\n","protected":false},"excerpt":{"rendered":"<p>L\u1eafp gh\u00e9p vi m\u1ea1ch \u0111i\u1ec7n t\u1eed v\u00e0 d\u00e2y \u0111i\u1ec7n Thi\u1ebft k\u1ebf Gia c\u00f4ng &#8211; Kim lo\u1ea1i t\u1ea5m &#8211; U\u1ed1n H\u00e0n &#8211; S\u01a1n V\u1ec7 sinh &#8211; Gia c\u00f4ng b\u1ec1 m\u1eb7t L\u1eafp gh\u00e9p vi m\u1ea1ch\u0111i\u1ec7n t\u1eed v\u00e0 d\u00e2y \u0111i\u1ec7n L\u1eafp r\u00e1p robotT\u00edch h\u1ee3p h\u1ec7 th\u1ed1ng<\/p>\n","protected":false},"author":1,"featured_media":0,"parent":18522,"menu_order":0,"comment_status":"closed","ping_status":"closed","template":"","meta":{"_acf_changed":false,"_locale":"vi","_original_post":"https:\/\/rorzerobotech.com\/?page_id=88","footnotes":""},"class_list":["post-18530","page","type-page","status-publish","hentry","vi"],"acf":[],"aioseo_notices":[],"_links":{"self":[{"href":"https:\/\/www.rorzerobotech.com\/wp-json\/wp\/v2\/pages\/18530","targetHints":{"allow":["GET"]}}],"collection":[{"href":"https:\/\/www.rorzerobotech.com\/wp-json\/wp\/v2\/pages"}],"about":[{"href":"https:\/\/www.rorzerobotech.com\/wp-json\/wp\/v2\/types\/page"}],"author":[{"embeddable":true,"href":"https:\/\/www.rorzerobotech.com\/wp-json\/wp\/v2\/users\/1"}],"replies":[{"embeddable":true,"href":"https:\/\/www.rorzerobotech.com\/wp-json\/wp\/v2\/comments?post=18530"}],"version-history":[{"count":3,"href":"https:\/\/www.rorzerobotech.com\/wp-json\/wp\/v2\/pages\/18530\/revisions"}],"predecessor-version":[{"id":18532,"href":"https:\/\/www.rorzerobotech.com\/wp-json\/wp\/v2\/pages\/18530\/revisions\/18532"}],"up":[{"embeddable":true,"href":"https:\/\/www.rorzerobotech.com\/wp-json\/wp\/v2\/pages\/18522"}],"wp:attachment":[{"href":"https:\/\/www.rorzerobotech.com\/wp-json\/wp\/v2\/media?parent=18530"}],"curies":[{"name":"wp","href":"https:\/\/api.w.org\/{rel}","templated":true}]}}