{"id":18535,"date":"2024-06-11T15:18:15","date_gmt":"2024-06-11T08:18:15","guid":{"rendered":"https:\/\/rorzerobotech.com\/?page_id=18535"},"modified":"2024-06-11T15:18:15","modified_gmt":"2024-06-11T08:18:15","slug":"washing-treatment","status":"publish","type":"page","link":"https:\/\/www.rorzerobotech.com\/vi\/system\/washing-treatment\/","title":{"rendered":"V\u1ec7 sinh &#8211; Gia c\u00f4ng b\u1ec1 m\u1eb7t"},"content":{"rendered":"<div id=\"content\" class=\"main-content\">\n<div class=\"container-title-buttons\">\n<div class=\"inner\">\n<ul class=\"flex-wrap\">\n<li><a href=\"#washing-ttl\">V\u1ec7 sinh<\/a><\/li>\n<li><a href=\"#treatment-ttl\">Gia c\u00f4ng b\u1ec1 m\u1eb7t<\/a><\/li>\n<\/ul><\/div>\n<\/p><\/div>\n<ul class=\"flex-wrap square-items\">\n<li id=\"washing-ttl\" class=\"black-title\">V\u1ec7 sinh<\/li>\n<li><a href=\"https:\/\/www.rorzerobotech.com\/wp-content\/themes\/rorze\/images\/washing-full-001.jpg\" data-lightbox=\"V\u1ec7 sinh 001\" data-title=\"V\u1ec7 sinh\"><img decoding=\"async\" src=\"https:\/\/www.rorzerobotech.com\/wp-content\/themes\/rorze\/images\/washing-thumbnail-001.jpg\" alt=\"V\u1ec7 sinh\"><\/a><\/li>\n<li><a href=\"https:\/\/www.rorzerobotech.com\/wp-content\/themes\/rorze\/images\/washing-full-002.jpg\" data-lightbox=\"V\u1ec7 sinh 002\" data-title=\"V\u1ec7 sinh\"><img decoding=\"async\" src=\"https:\/\/www.rorzerobotech.com\/wp-content\/themes\/rorze\/images\/washing-thumbnail-002.jpg\" alt=\"V\u1ec7 sinh\"><\/a><\/li>\n<li><a href=\"https:\/\/www.rorzerobotech.com\/wp-content\/themes\/rorze\/images\/washing-full-003.jpg\" data-lightbox=\"V\u1ec7 sinh 003\" data-title=\"V\u1ec7 sinh\"><img decoding=\"async\" src=\"https:\/\/www.rorzerobotech.com\/wp-content\/themes\/rorze\/images\/washing-thumbnail-003.jpg\" alt=\"V\u1ec7 sinh\"><\/a><\/li>\n<li><a href=\"https:\/\/www.rorzerobotech.com\/wp-content\/themes\/rorze\/images\/washing-full-004.jpg\" data-lightbox=\"V\u1ec7 sinh 004\" data-title=\"V\u1ec7 sinh\"><img decoding=\"async\" src=\"https:\/\/www.rorzerobotech.com\/wp-content\/themes\/rorze\/images\/washing-thumbnail-004.jpg\" alt=\"V\u1ec7 sinh\"><\/a><\/li>\n<li><a href=\"https:\/\/www.rorzerobotech.com\/wp-content\/themes\/rorze\/images\/washing-full-005.jpg\" data-lightbox=\"V\u1ec7 sinh 005\" data-title=\"V\u1ec7 sinh\"><img decoding=\"async\" src=\"https:\/\/www.rorzerobotech.com\/wp-content\/themes\/rorze\/images\/washing-thumbnail-005.jpg\" alt=\"V\u1ec7 sinh\"><\/a><\/li>\n<li><a href=\"https:\/\/www.rorzerobotech.com\/wp-content\/themes\/rorze\/images\/washing-full-006.jpg\" data-lightbox=\"V\u1ec7 sinh 006\" data-title=\"V\u1ec7 sinh\"><img decoding=\"async\" src=\"https:\/\/www.rorzerobotech.com\/wp-content\/themes\/rorze\/images\/washing-thumbnail-006.jpg\" alt=\"V\u1ec7 sinh\"><\/a><\/li>\n<li><a href=\"https:\/\/www.rorzerobotech.com\/wp-content\/themes\/rorze\/images\/washing-full-007.jpg\" data-lightbox=\"V\u1ec7 sinh 007\" data-title=\"V\u1ec7 sinh\"><img decoding=\"async\" src=\"https:\/\/www.rorzerobotech.com\/wp-content\/themes\/rorze\/images\/washing-thumbnail-007.jpg\" alt=\"V\u1ec7 sinh\"><\/a><\/li>\n<li><a href=\"https:\/\/www.rorzerobotech.com\/wp-content\/themes\/rorze\/images\/washing-full-008.jpg\" data-lightbox=\"V\u1ec7 sinh 008\" data-title=\"V\u1ec7 sinh\"><img decoding=\"async\" src=\"https:\/\/www.rorzerobotech.com\/wp-content\/themes\/rorze\/images\/washing-thumbnail-008.jpg\" alt=\"V\u1ec7 sinh\"><\/a><\/li>\n<\/ul>\n<ul class=\"flex-wrap square-items\">\n<li id=\"treatment-ttl\" class=\"black-title\">Gia c\u00f4ng b\u1ec1 m\u1eb7t<\/li>\n<li><a href=\"https:\/\/www.rorzerobotech.com\/wp-content\/themes\/rorze\/images\/treatment-full-005.jpg\" data-lightbox=\"Gia c\u00f4ng b\u1ec1 m\u1eb7t 005\" data-title=\"Gia c\u00f4ng b\u1ec1 m\u1eb7t\"><img decoding=\"async\" src=\"https:\/\/www.rorzerobotech.com\/wp-content\/themes\/rorze\/images\/treatment-thumbnail-005.jpg\" alt=\"design\"><\/a><\/li>\n<li><a href=\"https:\/\/www.rorzerobotech.com\/wp-content\/themes\/rorze\/images\/treatment-full-006.jpg\" data-lightbox=\"Gia c\u00f4ng b\u1ec1 m\u1eb7t 006\" data-title=\"Gia c\u00f4ng b\u1ec1 m\u1eb7t\"><img decoding=\"async\" src=\"https:\/\/www.rorzerobotech.com\/wp-content\/themes\/rorze\/images\/treatment-thumbnail-006.jpg\" alt=\"design\"><\/a><\/li>\n<li><a href=\"https:\/\/www.rorzerobotech.com\/wp-content\/themes\/rorze\/images\/treatment-full-007.jpg\" data-lightbox=\"Gia c\u00f4ng b\u1ec1 m\u1eb7t 007\" data-title=\"Gia c\u00f4ng b\u1ec1 m\u1eb7t\"><img decoding=\"async\" src=\"https:\/\/www.rorzerobotech.com\/wp-content\/themes\/rorze\/images\/treatment-thumbnail-007.jpg\" alt=\"design\"><\/a><\/li>\n<li><a href=\"https:\/\/www.rorzerobotech.com\/wp-content\/themes\/rorze\/images\/treatment-full-008.jpg\" data-lightbox=\"Gia c\u00f4ng b\u1ec1 m\u1eb7t 008\" data-title=\"Gia c\u00f4ng b\u1ec1 m\u1eb7t\"><img decoding=\"async\" src=\"https:\/\/www.rorzerobotech.com\/wp-content\/themes\/rorze\/images\/treatment-thumbnail-008.jpg\" alt=\"design\"><\/a><\/li>\n<li><a href=\"https:\/\/www.rorzerobotech.com\/wp-content\/themes\/rorze\/images\/treatment-full-009.jpg\" data-lightbox=\"Gia c\u00f4ng b\u1ec1 m\u1eb7t 009\" data-title=\"Gia c\u00f4ng b\u1ec1 m\u1eb7t\"><img decoding=\"async\" src=\"https:\/\/www.rorzerobotech.com\/wp-content\/themes\/rorze\/images\/treatment-thumbnail-009.jpg\" alt=\"design\"><\/a><\/li>\n<li><a href=\"https:\/\/www.rorzerobotech.com\/wp-content\/themes\/rorze\/images\/treatment-full-010.jpg\" data-lightbox=\"Gia c\u00f4ng b\u1ec1 m\u1eb7t 010\" data-title=\"Gia c\u00f4ng b\u1ec1 m\u1eb7t\"><img decoding=\"async\" src=\"https:\/\/www.rorzerobotech.com\/wp-content\/themes\/rorze\/images\/treatment-thumbnail-010.jpg\" alt=\"design\"><\/a><\/li>\n<li><a href=\"https:\/\/www.rorzerobotech.com\/wp-content\/themes\/rorze\/images\/treatment-full-011.jpg\" data-lightbox=\"Gia c\u00f4ng b\u1ec1 m\u1eb7t 011\" data-title=\"Gia c\u00f4ng b\u1ec1 m\u1eb7t\"><img decoding=\"async\" src=\"https:\/\/www.rorzerobotech.com\/wp-content\/themes\/rorze\/images\/treatment-thumbnail-011.jpg\" alt=\"design\"><\/a><\/li>\n<li><a href=\"https:\/\/www.rorzerobotech.com\/wp-content\/themes\/rorze\/images\/treatment-full-012.jpg\" data-lightbox=\"Gia c\u00f4ng b\u1ec1 m\u1eb7t 012\" data-title=\"Gia c\u00f4ng b\u1ec1 m\u1eb7t\"><img decoding=\"async\" src=\"https:\/\/www.rorzerobotech.com\/wp-content\/themes\/rorze\/images\/treatment-thumbnail-012.jpg\" alt=\"design\"><\/a><\/li>\n<\/ul>\n<div class=\"group-buttons\">\n<div class=\"inner\">\n<ul class=\"large-buttons flex-wrap\">\n<li><a href=\"https:\/\/www.rorzerobotech.com\/system\/design\/\" class=\"primary-button border-gray\">Thi\u1ebft k\u1ebf<\/a><\/li>\n<li><a href=\"https:\/\/www.rorzerobotech.com\/system\/processing-sheetmetal-bending\/\" class=\"primary-button border-gray\">Gia c\u00f4ng &#8211; Kim lo\u1ea1i t\u1ea5m &#8211; U\u1ed1n<\/a><\/li>\n<li><a href=\"https:\/\/www.rorzerobotech.com\/system\/welding-painting\/\" class=\"primary-button border-gray\">H\u00e0n &#8211; S\u01a1n<\/a><\/li>\n<li><a href=\"https:\/\/www.rorzerobotech.com\/system\/washing-treatment\/\" class=\"primary-button border-gray\">V\u1ec7 sinh &#8211; Gia c\u00f4ng b\u1ec1 m\u1eb7t<\/a><\/li>\n<li><a href=\"https:\/\/www.rorzerobotech.com\/system\/pcb-assembly-wiring\/\" class=\"primary-button border-gray\">L\u1eafp gh\u00e9p vi m\u1ea1ch<br \/>\u0111i\u1ec7n t\u1eed v\u00e0 d\u00e2y \u0111i\u1ec7n<\/a><\/li>\n<li><a href=\"https:\/\/www.rorzerobotech.com\/system\/assembly\/\" class=\"primary-button border-gray\">L\u1eafp r\u00e1p robot<br class=\"\">T\u00edch h\u1ee3p h\u1ec7 th\u1ed1ng<\/a><\/li>\n<\/ul><\/div>\n<\/p><\/div>\n<\/div>\n","protected":false},"excerpt":{"rendered":"<p>V\u1ec7 sinh Gia c\u00f4ng b\u1ec1 m\u1eb7t V\u1ec7 sinh Gia c\u00f4ng b\u1ec1 m\u1eb7t Thi\u1ebft k\u1ebf Gia c\u00f4ng &#8211; Kim lo\u1ea1i t\u1ea5m &#8211; U\u1ed1n H\u00e0n &#8211; S\u01a1n V\u1ec7 sinh &#8211; Gia c\u00f4ng b\u1ec1 m\u1eb7t L\u1eafp gh\u00e9p vi m\u1ea1ch\u0111i\u1ec7n t\u1eed v\u00e0 d\u00e2y \u0111i\u1ec7n L\u1eafp r\u00e1p robotT\u00edch h\u1ee3p h\u1ec7 th\u1ed1ng<\/p>\n","protected":false},"author":1,"featured_media":0,"parent":18522,"menu_order":0,"comment_status":"closed","ping_status":"closed","template":"","meta":{"_acf_changed":false,"_locale":"vi","_original_post":"https:\/\/rorzerobotech.com\/?page_id=85","footnotes":""},"class_list":["post-18535","page","type-page","status-publish","hentry","vi"],"acf":[],"aioseo_notices":[],"_links":{"self":[{"href":"https:\/\/www.rorzerobotech.com\/wp-json\/wp\/v2\/pages\/18535","targetHints":{"allow":["GET"]}}],"collection":[{"href":"https:\/\/www.rorzerobotech.com\/wp-json\/wp\/v2\/pages"}],"about":[{"href":"https:\/\/www.rorzerobotech.com\/wp-json\/wp\/v2\/types\/page"}],"author":[{"embeddable":true,"href":"https:\/\/www.rorzerobotech.com\/wp-json\/wp\/v2\/users\/1"}],"replies":[{"embeddable":true,"href":"https:\/\/www.rorzerobotech.com\/wp-json\/wp\/v2\/comments?post=18535"}],"version-history":[{"count":1,"href":"https:\/\/www.rorzerobotech.com\/wp-json\/wp\/v2\/pages\/18535\/revisions"}],"predecessor-version":[{"id":18536,"href":"https:\/\/www.rorzerobotech.com\/wp-json\/wp\/v2\/pages\/18535\/revisions\/18536"}],"up":[{"embeddable":true,"href":"https:\/\/www.rorzerobotech.com\/wp-json\/wp\/v2\/pages\/18522"}],"wp:attachment":[{"href":"https:\/\/www.rorzerobotech.com\/wp-json\/wp\/v2\/media?parent=18535"}],"curies":[{"name":"wp","href":"https:\/\/api.w.org\/{rel}","templated":true}]}}