{"id":18566,"date":"2024-06-11T15:28:28","date_gmt":"2024-06-11T08:28:28","guid":{"rendered":"https:\/\/rorzerobotech.com\/?page_id=18566"},"modified":"2024-12-17T11:14:31","modified_gmt":"2024-12-17T04:14:31","slug":"strength","status":"publish","type":"page","link":"https:\/\/www.rorzerobotech.com\/vi\/strength\/","title":{"rendered":"Th\u1ebf m\u1ea1nh c\u1ee7a ch\u00fang t\u00f4i"},"content":{"rendered":"<div id=\"content\" class=\"main-content\">\n<div class=\"strength-content facility\">\n<div class=\"content-image\">\n<p class=\"slide-animated\"><img decoding=\"async\" src=\"https:\/\/www.rorzerobotech.com\/wp-content\/themes\/rorze\/images\/strength-facility-img.jpg\" alt=\"C\u01a1 s\u1edf v\u1eadt ch\u1ea5t\" \/><\/p>\n<\/div>\n<div class=\"content-detail\">\n<p class=\"title slide-animated\"><span class=\"number\"><img decoding=\"async\" src=\"https:\/\/www.rorzerobotech.com\/wp-content\/themes\/rorze\/images\/number-1.png\" alt=\"1\" width=\"71\" \/><\/span>C\u01a1 s\u1edf v\u1eadt ch\u1ea5t<\/p>\n<p class=\"image-sp box_sp slide-animated\"><img decoding=\"async\" src=\"https:\/\/www.rorzerobotech.com\/wp-content\/themes\/rorze\/images\/strength-facility-img.jpg\" alt=\"C\u01a1 s\u1edf v\u1eadt ch\u1ea5t\" \/><\/p>\n<div class=\"text\">\n<p class=\"left\">C\u00e1c nh\u00e0 m\u00e1y c\u1ee7a RORZE ROBOTECH &#8211; \u0111\u01b0\u1ee3c ch\u00ednh ph\u1ee7 Vi\u1ec7t Nam ch\u1ee9ng nh\u1eadn l\u00e0 nh\u00e0 m\u00e1y k\u1ef9 thu\u1eadt cao \u0111\u1ea7u ti\u00ean v\u00e0o n\u0103m 1998, c\u00f3 \u0111\u01b0\u1ee3c nh\u1eefng \u0111i\u1ec1u ki\u1ec7n \u01b0u \u0111\u00e3i t\u1ed1t nh\u1ea5t v\u1ec1 ngu\u1ed3n nh\u00e2n l\u1ef1c, c\u01a1 s\u1edf v\u1eadt ch\u1ea5t v\u00e0 thu\u1ebf.<\/p>\n<p class=\"mb-long\">Di\u1ec7n t\u00edch m\u1eb7t b\u1eb1ng: 31,932\u33a1<br \/>\nT\u1ed5ng di\u1ec7n t\u00edch s\u00e0n: 12,500\u33a1<br \/>\nDi\u1ec7n t\u00edch d\u00e0nh cho gia c\u00f4ng:14,000\u33a1<br \/>\nDi\u1ec7n t\u00edch ph\u00f2ng s\u1ea1ch: 12,500\u33a1<\/p>\n<p class=\"left\">M\u00e1y gia c\u00f4ng c\u1eaft g\u1ecdt, M\u00e1y ph\u1ee9c h\u1ee3p c\u1eaft laze, \u0111\u1ed9t d\u1eadp, M\u00e1y u\u1ed1n<br \/>\nM\u00e1y h\u00e0n thi\u1ebfc t\u1ef1 \u0111\u1ed9ng, Robot h\u00e0n<br \/>\nH\u1ec7 th\u1ed1ng anod ho\u00e1 nh\u00f4m t\u1ef1 \u0111\u1ed9ng<br \/>\nH\u1ec7 th\u1ed1ng s\u01a1n t\u1ef1 \u0111\u1ed9ng, M\u00e1y gh\u00e9p linh ki\u1ec7n \u0111i\u1ec7n t\u1eed,  H\u1ec7 th\u1ed1ng r\u1eeda c\u1ea5p \u0111\u1ed9 s\u1ea1ch cao<br \/>\nThi\u1ebft b\u1ecb kho t\u1ef1 \u0111\u1ed9ng.<\/p>\n<\/div>\n<\/div>\n<\/div>\n<ul class=\"strength-facility-images\">\n<li class=\"slide-animated\"><img decoding=\"async\" src=\"https:\/\/www.rorzerobotech.com\/wp-content\/themes\/rorze\/images\/strength-facility-img-02.jpg\" alt=\"C\u01a1 s\u1edf v\u1eadt ch\u1ea5t\" \/><\/li>\n<li class=\"slide-animated\"><img decoding=\"async\" src=\"https:\/\/www.rorzerobotech.com\/wp-content\/themes\/rorze\/images\/strength-facility-img-03.jpg\" alt=\"C\u01a1 s\u1edf v\u1eadt ch\u1ea5t\" \/><\/li>\n<li class=\"slide-animated\"><img decoding=\"async\" src=\"https:\/\/www.rorzerobotech.com\/wp-content\/themes\/rorze\/images\/strength-facility-img-04.jpg\" alt=\"C\u01a1 s\u1edf v\u1eadt ch\u1ea5t\" \/><\/li>\n<\/ul>\n<div class=\"strength-content quality\">\n<div class=\"content-image\">\n<p class=\"slide-animated\"><img decoding=\"async\" src=\"https:\/\/www.rorzerobotech.com\/wp-content\/themes\/rorze\/images\/strength-quality-img.jpg\" alt=\"Ch\u1ea5t l\u01b0\u1ee3ng\" \/><\/p>\n<\/div>\n<div class=\"content-detail\">\n<p class=\"title slide-animated\"><span class=\"number\"><img decoding=\"async\" src=\"https:\/\/www.rorzerobotech.com\/wp-content\/themes\/rorze\/images\/number-2.png\" alt=\"2\" width=\"100\" \/><\/span>Ch\u1ea5t l\u01b0\u1ee3ng<\/p>\n<p class=\"image-sp box_sp slide-animated\"><img decoding=\"async\" src=\"https:\/\/www.rorzerobotech.com\/wp-content\/themes\/rorze\/images\/strength-quality-img.jpg\" alt=\"Ch\u1ea5t l\u01b0\u1ee3ng\" \/><\/p>\n<div class=\"text\">\n<p class=\"left\">Ch\u00fang t\u00f4i lu\u00f4n h\u01b0\u1edbng \u0111\u1ebfn vi\u1ec7c c\u1ea3i thi\u1ec7n n\u0103ng su\u1ea5t s\u1ea3n ph\u1ea9m b\u1eb1ng c\u00e1ch k\u1ebft h\u1ee3p s\u1ea3n xu\u1ea5t \u1ed5n \u0111\u1ecbnh th\u00f4ng qua t\u1ef1 \u0111\u1ed9ng h\u00f3a v\u00e0 \u0111\u1ed9i ng\u0169 k\u1ef9 s\u01b0 c\u00f3 tr\u00ecnh \u0111\u1ed9 k\u1ef9 thu\u1eadt.<\/p>\n<p class=\"left\">C\u00f4ng ty ch\u00fang t\u00f4i \u0111\u1ea3m b\u1ea3o ti\u00eau chu\u1ea9n ch\u1ea5t l\u01b0\u1ee3ng nh\u01b0 sau:<\/p>\n<ul class=\"list-line\">\n<li>Ch\u1ee9ng nh\u1eadn h\u1ec7 th\u1ed1ng qu\u1ea3n l\u00fd m\u00f4i tr\u01b0\u1eddng ISO 14001: 2015<\/li>\n<li>Ch\u1ee9ng nh\u1eadn h\u1ec7 th\u1ed1ng qu\u1ea3n l\u00fd an to\u00e0n th\u00f4ng tin ISO 27001: 2022<\/li>\n<li>Ch\u1ee9ng nh\u1eadn s\u1ef1 h\u00e0i l\u00f2ng c\u1ee7a kh\u00e1ch h\u00e0ng ISO 10002: 2018<\/li>\n<li>Ch\u1ee9ng nh\u1eadn h\u1ec7 th\u1ed1ng qu\u1ea3n l\u00fd an to\u00e0n v\u00e0 s\u1ee9c kh\u1ecfe ngh\u1ec1 nghi\u1ec7p ISO 45001: 2018<\/li>\n<li>Ch\u1ee9ng nh\u1eadn h\u1ec7 th\u1ed1ng qu\u1ea3n l\u00fd ch\u1ea5t l\u01b0\u1ee3ng ISO 9001: 2015<\/li>\n<\/ul>\n<\/div>\n<\/div>\n<\/div>\n<div class=\"strength-content group-collaboration last\">\n<div class=\"content-image\">\n<p class=\"slide-animated\"><img decoding=\"async\" src=\"https:\/\/www.rorzerobotech.com\/wp-content\/themes\/rorze\/images\/strength-group-img.jpg\" alt=\"H\u1ee3p t\u00e1c T\u1eadp \u0111o\u00e0n\" \/><\/p>\n<\/div>\n<div class=\"content-detail\">\n<p class=\"title slide-animated\"><span class=\"number\"><img decoding=\"async\" src=\"https:\/\/www.rorzerobotech.com\/wp-content\/themes\/rorze\/images\/number-3.png\" alt=\"3\" width=\"88\" \/><\/span>Group H\u1ee3p t\u00e1c T\u1eadp \u0111o\u00e0n<\/p>\n<p class=\"image-sp box_sp slide-animated\"><img decoding=\"async\" src=\"https:\/\/www.rorzerobotech.com\/wp-content\/themes\/rorze\/images\/strength-group-img.jpg\" alt=\"H\u1ee3p t\u00e1c T\u1eadp \u0111o\u00e0n\" \/><\/p>\n<div class=\"text\">\n<p class=\"mb-long\">Ch\u00fang t\u00f4i kh\u00f4ng s\u1ea3n xu\u1ea5t c\u00e1c s\u1ea3n ph\u1ea9m \u0111\u1ed3ng d\u1ea1ng v\u1edbi \u0111\u1ed1i th\u1ee7 c\u1ea1nh tranh. H\u00e3y c\u00f9ng th\u01b0\u01a1ng m\u1ea1i h\u00f3a s\u1ea3n ph\u1ea9m, t\u1ea1o ra nh\u1eefng s\u1ea3n ph\u1ea9m \u01b0u vi\u1ec7t h\u01a1n tr\u01b0\u1edbc, nh\u1eefng s\u1ea3n ph\u1ea9m c\u00f3 th\u1ec3 tr\u1edf th\u00e0nh tin t\u1ee9c tr\u00ean th\u1ebf gi\u1edbi. L\u1ea5y ph\u01b0\u01a1ng ch\u00e2m n\u00e0y l\u00e0m g\u1ed1c, ch\u00fang t\u00f4i t\u00edch c\u1ef1c tham gia chia s\u1ebb nghi\u00ean c\u1ee9u ph\u00e1t tri\u1ec3n chung, cung c\u1ea5p c\u00f4ng ngh\u1ec7, t\u1ef1 \u0111\u1ed9ng h\u00f3a c\u00f4ng \u0111o\u1ea1n s\u1ea3n xu\u1ea5t, \u0111\u1ed3ng nh\u1ea5t h\u00f3a v\u00e0 li\u00ean k\u1ebft \u0111\u00e0o t\u1ea1o nh\u00e2n l\u1ef1c trong to\u00e0n t\u1eadp \u0111o\u00e0n.<\/p>\n<ul class=\"list-company\">\n<li><a href=\"https:\/\/www.rorze.com\/en\/\" target=\"_blank\" rel=\"noopener noreferrer\" data-map-title=\"japan\">RORZE CORPORATION(Japan)<\/a><\/li>\n<li><a href=\"http:\/\/www.rorzeautomation.com\/\" target=\"_blank\" rel=\"noopener noreferrer\" data-map-title=\"usa\">RORZE AUTOMATION, INC.(USA)<\/a><\/li>\n<li><a href=\"https:\/\/rorzerobotech.com\/\" target=\"_blank\" rel=\"noopener noreferrer\" data-map-title=\"vietnam\">RORZE ROBOTECH CO., LTD.(Viet Nam) <\/a><\/li>\n<li><a href=\"http:\/\/www.rorze.com.tw\/en\/\" target=\"_blank\" rel=\"noopener noreferrer\" data-map-title=\"taiwan\">RORZE TECHNOLOGY, INC.(Taiwan) <\/a><\/li>\n<li><a href=\"http:\/\/www.rorze.co.kr\/\" target=\"_blank\" rel=\"noopener noreferrer\" data-map-title=\"korea\">RORZE SYSTEMS CORPORATION(Korea) <\/a><\/li>\n<li><a data-map-title=\"singapore\">RORZE TECHNOLOGY SINGAPORE PTE. LTD.(Singapore) <\/a><\/li>\n<li><a href=\"http:\/\/www.rorze.com.tw\/en\/company\/company_detail-133#1\" target=\"_blank\" rel=\"noopener noreferrer\" data-map-title=\"china\">RORZE CREATECH CO.,LTD.(China)<\/a><\/li>\n<li><a href=\"http:\/\/www.rorze-ls.com\/\" target=\"_blank\" rel=\"noopener noreferrer\" data-map-title=\"japan\">RORZE LIFESCIENCE, INC.(Japan) <\/a><\/li>\n<li><a data-map-title=\"germany\">RORZE ENGINEERING GmbH(Germany)<\/a><\/li>\n<\/ul>\n<\/div>\n<\/div>\n<\/div>\n<div class=\"group-buttons\">\n<div class=\"inner\">\n<ul class=\"large-buttons flex-wrap\">\n<li><a class=\"primary-button border-gray\" href=\"https:\/\/www.rorzerobotech.com\/yourrorze\/\">Rorze c\u1ee7a b\u1ea1n<\/a><\/li>\n<li><a class=\"primary-button border-gray\" href=\"https:\/\/www.rorzerobotech.com\/system\/\">H\u1ec7 th\u1ed1ng<\/a><\/li>\n<\/ul>\n<\/div>\n<\/div>\n<\/div>\n","protected":false},"excerpt":{"rendered":"<p>C\u01a1 s\u1edf v\u1eadt ch\u1ea5t C\u00e1c nh\u00e0 m\u00e1y c\u1ee7a RORZE ROBOTECH &#8211; \u0111\u01b0\u1ee3c ch\u00ednh ph\u1ee7 Vi\u1ec7t Nam ch\u1ee9ng nh\u1eadn l\u00e0 nh\u00e0 m\u00e1y k\u1ef9 thu\u1eadt cao \u0111\u1ea7u ti\u00ean v\u00e0o n\u0103m 1998, c\u00f3 \u0111\u01b0\u1ee3c nh\u1eefng \u0111i\u1ec1u ki\u1ec7n \u01b0u \u0111\u00e3i t\u1ed1t nh\u1ea5t v\u1ec1 ngu\u1ed3n nh\u00e2n l\u1ef1c, c\u01a1 s\u1edf v\u1eadt ch\u1ea5t v\u00e0 thu\u1ebf. Di\u1ec7n t\u00edch m\u1eb7t b\u1eb1ng: 31,932\u33a1 T\u1ed5ng di\u1ec7n [&hellip;]<\/p>\n","protected":false},"author":1,"featured_media":0,"parent":0,"menu_order":0,"comment_status":"closed","ping_status":"closed","template":"","meta":{"_acf_changed":false,"_locale":"vi","_original_post":"https:\/\/rorzerobotech.com\/?page_id=40","footnotes":""},"class_list":["post-18566","page","type-page","status-publish","hentry","vi"],"acf":[],"aioseo_notices":[],"_links":{"self":[{"href":"https:\/\/www.rorzerobotech.com\/wp-json\/wp\/v2\/pages\/18566","targetHints":{"allow":["GET"]}}],"collection":[{"href":"https:\/\/www.rorzerobotech.com\/wp-json\/wp\/v2\/pages"}],"about":[{"href":"https:\/\/www.rorzerobotech.com\/wp-json\/wp\/v2\/types\/page"}],"author":[{"embeddable":true,"href":"https:\/\/www.rorzerobotech.com\/wp-json\/wp\/v2\/users\/1"}],"replies":[{"embeddable":true,"href":"https:\/\/www.rorzerobotech.com\/wp-json\/wp\/v2\/comments?post=18566"}],"version-history":[{"count":4,"href":"https:\/\/www.rorzerobotech.com\/wp-json\/wp\/v2\/pages\/18566\/revisions"}],"predecessor-version":[{"id":18855,"href":"https:\/\/www.rorzerobotech.com\/wp-json\/wp\/v2\/pages\/18566\/revisions\/18855"}],"wp:attachment":[{"href":"https:\/\/www.rorzerobotech.com\/wp-json\/wp\/v2\/media?parent=18566"}],"curies":[{"name":"wp","href":"https:\/\/api.w.org\/{rel}","templated":true}]}}