{"id":18638,"date":"2024-06-11T18:47:44","date_gmt":"2024-06-11T11:47:44","guid":{"rendered":"https:\/\/rorzerobotech.com\/?page_id=18638"},"modified":"2025-02-20T15:55:13","modified_gmt":"2025-02-20T08:55:13","slug":"thanks","status":"publish","type":"page","link":"https:\/\/www.rorzerobotech.com\/vi\/recruit\/entry\/thanks\/","title":{"rendered":"Thanks"},"content":{"rendered":"<div id=\"content\" class=\"main-content\">\n<div class=\"inner\">\n<ul class=\"contact-step\">\n<li><span>1. \u0110i\u1ec1n th\u00f4ng tin<\/span><\/li>\n<li><span>2. X\u00e1c nh\u1eadn<\/span><\/li>\n<li class=\"active\"><span>3. G\u1eedi<\/span><\/li>\n<\/ul><\/div>\n<div class=\"form-container\">\n<div class=\"inner\">\n<div class=\"wrap-form thanks-page\">\n<p class=\"center\">C\u1ea3m \u01a1n!<\/p>\n<p class=\"center\">Xin ch\u00e2n th\u00e0nh c\u1ea3m \u01a1n b\u1ea1n \u0111\u00e3 li\u00ean h\u1ec7 v\u1edbi ch\u00fang t\u00f4i.<br \/>\nXin h\u00e3y \u0111\u1ee3i, nh\u00e2n vi\u00ean ch\u00fang t\u00f4i s\u1ebd li\u00ean l\u1ea1c v\u1edbi b\u1ea1n trong th\u1eddi gian s\u1edbm nh\u1ea5t.<br \/>\nN\u1ebfu qua v\u00e0i gi\u1edd m\u00e0 mail c\u1ee7a c\u00f4ng ty ch\u00fang t\u00f4i v\u1eabn ch\u01b0a \u0111\u1ebfn<br class=\"box_pc\">th\u00ec c\u00f3 kh\u1ea3 n\u0103ng n\u00f3 \u0111ang n\u1eb1m trong Spam e-mail folder.<br \/>\nN\u1ebfu v\u1eabn kh\u00f4ng t\u00ecm th\u1ea5y mail trong Spam e-mail folder th\u00ec c\u00f3 kh\u1ea3 n\u0103ng e-mail address \u0111\u00e3 b\u1ecb nh\u1eadp sai.<br \/>\nKhi \u0111\u00f3 xin vui l\u00f2ng li\u00ean l\u1ea1c ch\u00fang t\u00f4i qua Mail Form l\u1ea7n n\u1eefa ho\u1eb7c g\u1ecdi \u0111i\u1ec7n tr\u1ef1c ti\u1ebfp cho ch\u00fang t\u00f4i.<br \/>\nTr\u00e2n tr\u1ecdng,<\/p>\n<p class=\"center\"><a href=\"https:\/\/www.rorzerobotech.com\" class=\"primary-button\">TRANG CH\u1ee6<\/a><\/p>\n<\/p><\/div>\n<\/p><\/div>\n<\/p><\/div>\n<\/div>\n","protected":false},"excerpt":{"rendered":"<p>1. \u0110i\u1ec1n th\u00f4ng tin 2. X\u00e1c nh\u1eadn 3. G\u1eedi C\u1ea3m \u01a1n! Xin ch\u00e2n th\u00e0nh c\u1ea3m \u01a1n b\u1ea1n \u0111\u00e3 li\u00ean h\u1ec7 v\u1edbi ch\u00fang t\u00f4i. Xin h\u00e3y \u0111\u1ee3i, nh\u00e2n vi\u00ean ch\u00fang t\u00f4i s\u1ebd li\u00ean l\u1ea1c v\u1edbi b\u1ea1n trong th\u1eddi gian s\u1edbm nh\u1ea5t. N\u1ebfu qua v\u00e0i gi\u1edd m\u00e0 mail c\u1ee7a c\u00f4ng ty ch\u00fang t\u00f4i v\u1eabn ch\u01b0a \u0111\u1ebfnth\u00ec c\u00f3 [&hellip;]<\/p>\n","protected":false},"author":1,"featured_media":0,"parent":18513,"menu_order":0,"comment_status":"closed","ping_status":"closed","template":"","meta":{"_acf_changed":false,"_locale":"vi","_original_post":"https:\/\/rorzerobotech.com\/?page_id=36","footnotes":""},"class_list":["post-18638","page","type-page","status-publish","hentry","vi"],"acf":[],"aioseo_notices":[],"_links":{"self":[{"href":"https:\/\/www.rorzerobotech.com\/wp-json\/wp\/v2\/pages\/18638","targetHints":{"allow":["GET"]}}],"collection":[{"href":"https:\/\/www.rorzerobotech.com\/wp-json\/wp\/v2\/pages"}],"about":[{"href":"https:\/\/www.rorzerobotech.com\/wp-json\/wp\/v2\/types\/page"}],"author":[{"embeddable":true,"href":"https:\/\/www.rorzerobotech.com\/wp-json\/wp\/v2\/users\/1"}],"replies":[{"embeddable":true,"href":"https:\/\/www.rorzerobotech.com\/wp-json\/wp\/v2\/comments?post=18638"}],"version-history":[{"count":3,"href":"https:\/\/www.rorzerobotech.com\/wp-json\/wp\/v2\/pages\/18638\/revisions"}],"predecessor-version":[{"id":18901,"href":"https:\/\/www.rorzerobotech.com\/wp-json\/wp\/v2\/pages\/18638\/revisions\/18901"}],"up":[{"embeddable":true,"href":"https:\/\/www.rorzerobotech.com\/wp-json\/wp\/v2\/pages\/18513"}],"wp:attachment":[{"href":"https:\/\/www.rorzerobotech.com\/wp-json\/wp\/v2\/media?parent=18638"}],"curies":[{"name":"wp","href":"https:\/\/api.w.org\/{rel}","templated":true}]}}