{"id":18650,"date":"2024-06-11T19:12:52","date_gmt":"2024-06-11T12:12:52","guid":{"rendered":"https:\/\/rorzerobotech.com\/?page_id=18650"},"modified":"2024-06-11T19:12:52","modified_gmt":"2024-06-11T12:12:52","slug":"yourrorze","status":"publish","type":"page","link":"https:\/\/www.rorzerobotech.com\/vi\/recruit\/yourrorze\/","title":{"rendered":"RORZE C\u1ee6A B\u1ea0N"},"content":{"rendered":"<div id=\"content\" class=\"main-content\">\n<div class=\"yourrorze-visual flex-wrap\">\n<div class=\"left-content\">\n<p class=\"img\"><img decoding=\"async\" src=\"https:\/\/www.rorzerobotech.com\/wp-content\/themes\/rorze\/images\/yourrorze-visual-01.jpg\" alt=\"RORZE C\u1ee6A B\u1ea0N\"><\/p>\n<\/p><\/div>\n<div class=\"right-content\">\n<p class=\"left\">C\u00e1c b\u1ea1n kh\u00f4ng tr\u1ef1c ti\u1ebfp nh\u00ecn th\u1ea5y ho\u1eb7c ch\u1ea1m v\u00e0o s\u1ea3n ph\u1ea9m robot do ch\u00fang t\u00f4i s\u1ea3n xu\u1ea5t. Tuy nhi\u00ean, c\u00e1c s\u1ea3n ph\u1ea9m c\u1ee7a ch\u00fang t\u00f4i v\u1eabn h\u00e0ng ng\u00e0y ti\u1ebfp c\u1eadn c\u00e1c b\u1ea1n m\u1ed9t c\u00e1ch gi\u00e1n ti\u1ebfp th\u00f4ng qua c\u00e1c thi\u1ebft b\u1ecb c\u00f4ng ngh\u1ec7. C\u00f4ng ty ch\u00fang t\u00f4i \u0111ang h\u1ed7 tr\u1ee3 c\u00f4ng ngh\u1ec7 tr\u00ean kh\u1eafp th\u1ebf gi\u1edbi.<\/p>\n<\/p><\/div>\n<div class=\"yourrorze-chart\">\n<p class=\"center\"><img decoding=\"async\" src=\"https:\/\/www.rorzerobotech.com\/wp-content\/themes\/rorze\/images\/yourrorze-chart-vi.png\" alt=\"S\u1ea3n ph\u1ea9m RORZE\"><\/p>\n<\/p><\/div>\n<\/div>\n","protected":false},"excerpt":{"rendered":"<p>C\u00e1c b\u1ea1n kh\u00f4ng tr\u1ef1c ti\u1ebfp nh\u00ecn th\u1ea5y ho\u1eb7c ch\u1ea1m v\u00e0o s\u1ea3n ph\u1ea9m robot do ch\u00fang t\u00f4i s\u1ea3n xu\u1ea5t. Tuy nhi\u00ean, c\u00e1c s\u1ea3n ph\u1ea9m c\u1ee7a ch\u00fang t\u00f4i v\u1eabn h\u00e0ng ng\u00e0y ti\u1ebfp c\u1eadn c\u00e1c b\u1ea1n m\u1ed9t c\u00e1ch gi\u00e1n ti\u1ebfp th\u00f4ng qua c\u00e1c thi\u1ebft b\u1ecb c\u00f4ng ngh\u1ec7. C\u00f4ng ty ch\u00fang t\u00f4i \u0111ang h\u1ed7 tr\u1ee3 c\u00f4ng ngh\u1ec7 tr\u00ean kh\u1eafp [&hellip;]<\/p>\n","protected":false},"author":1,"featured_media":0,"parent":18511,"menu_order":0,"comment_status":"closed","ping_status":"closed","template":"","meta":{"_acf_changed":false,"_locale":"vi","_original_post":"https:\/\/rorzerobotech.com\/?page_id=9","footnotes":""},"class_list":["post-18650","page","type-page","status-publish","hentry","vi"],"acf":[],"aioseo_notices":[],"_links":{"self":[{"href":"https:\/\/www.rorzerobotech.com\/wp-json\/wp\/v2\/pages\/18650","targetHints":{"allow":["GET"]}}],"collection":[{"href":"https:\/\/www.rorzerobotech.com\/wp-json\/wp\/v2\/pages"}],"about":[{"href":"https:\/\/www.rorzerobotech.com\/wp-json\/wp\/v2\/types\/page"}],"author":[{"embeddable":true,"href":"https:\/\/www.rorzerobotech.com\/wp-json\/wp\/v2\/users\/1"}],"replies":[{"embeddable":true,"href":"https:\/\/www.rorzerobotech.com\/wp-json\/wp\/v2\/comments?post=18650"}],"version-history":[{"count":1,"href":"https:\/\/www.rorzerobotech.com\/wp-json\/wp\/v2\/pages\/18650\/revisions"}],"predecessor-version":[{"id":18651,"href":"https:\/\/www.rorzerobotech.com\/wp-json\/wp\/v2\/pages\/18650\/revisions\/18651"}],"up":[{"embeddable":true,"href":"https:\/\/www.rorzerobotech.com\/wp-json\/wp\/v2\/pages\/18511"}],"wp:attachment":[{"href":"https:\/\/www.rorzerobotech.com\/wp-json\/wp\/v2\/media?parent=18650"}],"curies":[{"name":"wp","href":"https:\/\/api.w.org\/{rel}","templated":true}]}}